{"id":946,"date":"2022-03-08T18:23:57","date_gmt":"2022-03-08T18:23:57","guid":{"rendered":"https:\/\/www.sje.pt\/sje\/?page_id=946"},"modified":"2022-05-31T13:38:08","modified_gmt":"2022-05-31T13:38:08","slug":"experiencias","status":"publish","type":"page","link":"https:\/\/www.sje.pt\/sje\/experiencias\/","title":{"rendered":"Experi\u00eancias"},"content":{"rendered":"\t\t<div data-elementor-type=\"wp-page\" data-elementor-id=\"946\" class=\"elementor elementor-946\">\n\t\t\t\t\t\t\t\t\t<section class=\"elementor-section elementor-top-section elementor-element elementor-element-41609495 elementor-reverse-mobile elementor-section-boxed elementor-section-height-default elementor-section-height-default\" data-id=\"41609495\" data-element_type=\"section\">\n\t\t\t\t\t\t<div class=\"elementor-container elementor-column-gap-wider\">\n\t\t\t\t\t<div class=\"elementor-column elementor-col-50 elementor-top-column elementor-element elementor-element-2a4d744a col1 elementor-invisible\" data-id=\"2a4d744a\" data-element_type=\"column\" data-settings=\"{&quot;background_background&quot;:&quot;classic&quot;,&quot;animation&quot;:&quot;fadeInRight&quot;,&quot;animation_delay&quot;:400}\">\n\t\t\t<div class=\"elementor-widget-wrap elementor-element-populated\">\n\t\t\t\t\t\t\t\t<div class=\"elementor-element elementor-element-706784b2 de_scroll_animation_no elementor-widget elementor-widget-spacer\" data-id=\"706784b2\" data-element_type=\"widget\" data-widget_type=\"spacer.default\">\n\t\t\t\t<div class=\"elementor-widget-container\">\n\t\t\t<style>\/*! elementor - v3.7.7 - 20-09-2022 *\/\n.elementor-column .elementor-spacer-inner{height:var(--spacer-size)}.e-container{--container-widget-width:100%}.e-container>.elementor-widget-spacer{width:var(--container-widget-width,var(--spacer-size));-ms-flex-item-align:stretch;align-self:stretch;-ms-flex-negative:0;flex-shrink:0}.e-container>.elementor-widget-spacer>.elementor-widget-container,.e-container>.elementor-widget-spacer>.elementor-widget-container>.elementor-spacer{height:100%}.e-container>.elementor-widget-spacer>.elementor-widget-container>.elementor-spacer>.elementor-spacer-inner{height:var(--container-widget-height,var(--spacer-size))}<\/style>\t\t<div class=\"elementor-spacer\">\n\t\t\t<div class=\"elementor-spacer-inner\"><\/div>\n\t\t<\/div>\n\t\t\t\t<\/div>\n\t\t\t\t<\/div>\n\t\t\t\t\t<\/div>\n\t\t<\/div>\n\t\t\t\t<div class=\"elementor-column elementor-col-50 elementor-top-column elementor-element elementor-element-5364bc4c col1\" data-id=\"5364bc4c\" data-element_type=\"column\" data-settings=\"{&quot;background_background&quot;:&quot;classic&quot;}\">\n\t\t\t<div class=\"elementor-widget-wrap elementor-element-populated\">\n\t\t\t\t\t\t\t\t<div class=\"elementor-element elementor-element-11dc8161 de_scroll_animation_no elementor-invisible elementor-widget elementor-widget-text-editor\" data-id=\"11dc8161\" data-element_type=\"widget\" data-settings=\"{&quot;_animation&quot;:&quot;fadeInLeft&quot;}\" data-widget_type=\"text-editor.default\">\n\t\t\t\t<div class=\"elementor-widget-container\">\n\t\t\t<style>\/*! elementor - v3.7.7 - 20-09-2022 *\/\n.elementor-widget-text-editor.elementor-drop-cap-view-stacked .elementor-drop-cap{background-color:#818a91;color:#fff}.elementor-widget-text-editor.elementor-drop-cap-view-framed .elementor-drop-cap{color:#818a91;border:3px solid;background-color:transparent}.elementor-widget-text-editor:not(.elementor-drop-cap-view-default) .elementor-drop-cap{margin-top:8px}.elementor-widget-text-editor:not(.elementor-drop-cap-view-default) .elementor-drop-cap-letter{width:1em;height:1em}.elementor-widget-text-editor .elementor-drop-cap{float:left;text-align:center;line-height:1;font-size:50px}.elementor-widget-text-editor .elementor-drop-cap-letter{display:inline-block}<\/style>\t\t\t\t<p><span style=\"font-weight: 400;\">A SJE, sempre preocupada com a qualidade dos seus pavimentos, elaborou novos testes em laborat\u00f3rio, com novas espessuras em EPDM\u00a0 e CSBR em janeiro de 2021 e flexicork em 2022.<\/span><\/p>\t\t\t\t\t\t<\/div>\n\t\t\t\t<\/div>\n\t\t\t\t<div class=\"elementor-element elementor-element-10f51b15 elementor-widget-divider--view-line de_scroll_animation_no elementor-invisible elementor-widget elementor-widget-divider\" data-id=\"10f51b15\" data-element_type=\"widget\" data-settings=\"{&quot;_animation&quot;:&quot;fadeInLeft&quot;,&quot;_animation_delay&quot;:400}\" data-widget_type=\"divider.default\">\n\t\t\t\t<div class=\"elementor-widget-container\">\n\t\t\t<style>\/*! elementor - v3.7.7 - 20-09-2022 *\/\n.elementor-widget-divider{--divider-border-style:none;--divider-border-width:1px;--divider-color:#2c2c2c;--divider-icon-size:20px;--divider-element-spacing:10px;--divider-pattern-height:24px;--divider-pattern-size:20px;--divider-pattern-url:none;--divider-pattern-repeat:repeat-x}.elementor-widget-divider .elementor-divider{display:-webkit-box;display:-ms-flexbox;display:flex}.elementor-widget-divider .elementor-divider__text{font-size:15px;line-height:1;max-width:95%}.elementor-widget-divider .elementor-divider__element{margin:0 var(--divider-element-spacing);-ms-flex-negative:0;flex-shrink:0}.elementor-widget-divider .elementor-icon{font-size:var(--divider-icon-size)}.elementor-widget-divider .elementor-divider-separator{display:-webkit-box;display:-ms-flexbox;display:flex;margin:0;direction:ltr}.elementor-widget-divider--view-line_icon .elementor-divider-separator,.elementor-widget-divider--view-line_text .elementor-divider-separator{-webkit-box-align:center;-ms-flex-align:center;align-items:center}.elementor-widget-divider--view-line_icon .elementor-divider-separator:after,.elementor-widget-divider--view-line_icon .elementor-divider-separator:before,.elementor-widget-divider--view-line_text .elementor-divider-separator:after,.elementor-widget-divider--view-line_text .elementor-divider-separator:before{display:block;content:\"\";border-bottom:0;-webkit-box-flex:1;-ms-flex-positive:1;flex-grow:1;border-top:var(--divider-border-width) var(--divider-border-style) var(--divider-color)}.elementor-widget-divider--element-align-left .elementor-divider .elementor-divider-separator>.elementor-divider__svg:first-of-type{-webkit-box-flex:0;-ms-flex-positive:0;flex-grow:0;-ms-flex-negative:100;flex-shrink:100}.elementor-widget-divider--element-align-left .elementor-divider-separator:before{content:none}.elementor-widget-divider--element-align-left .elementor-divider__element{margin-left:0}.elementor-widget-divider--element-align-right .elementor-divider .elementor-divider-separator>.elementor-divider__svg:last-of-type{-webkit-box-flex:0;-ms-flex-positive:0;flex-grow:0;-ms-flex-negative:100;flex-shrink:100}.elementor-widget-divider--element-align-right .elementor-divider-separator:after{content:none}.elementor-widget-divider--element-align-right .elementor-divider__element{margin-right:0}.elementor-widget-divider:not(.elementor-widget-divider--view-line_text):not(.elementor-widget-divider--view-line_icon) .elementor-divider-separator{border-top:var(--divider-border-width) var(--divider-border-style) var(--divider-color)}.elementor-widget-divider--separator-type-pattern{--divider-border-style:none}.elementor-widget-divider--separator-type-pattern.elementor-widget-divider--view-line .elementor-divider-separator,.elementor-widget-divider--separator-type-pattern:not(.elementor-widget-divider--view-line) .elementor-divider-separator:after,.elementor-widget-divider--separator-type-pattern:not(.elementor-widget-divider--view-line) .elementor-divider-separator:before,.elementor-widget-divider--separator-type-pattern:not([class*=elementor-widget-divider--view]) .elementor-divider-separator{width:100%;min-height:var(--divider-pattern-height);-webkit-mask-size:var(--divider-pattern-size) 100%;mask-size:var(--divider-pattern-size) 100%;-webkit-mask-repeat:var(--divider-pattern-repeat);mask-repeat:var(--divider-pattern-repeat);background-color:var(--divider-color);-webkit-mask-image:var(--divider-pattern-url);mask-image:var(--divider-pattern-url)}.elementor-widget-divider--no-spacing{--divider-pattern-size:auto}.elementor-widget-divider--bg-round{--divider-pattern-repeat:round}.rtl .elementor-widget-divider .elementor-divider__text{direction:rtl}.e-container>.elementor-widget-divider{width:var(--container-widget-width,100%);--flex-grow:var(--container-widget-flex-grow,0)}<\/style>\t\t<div class=\"elementor-divider\">\n\t\t\t<span class=\"elementor-divider-separator\">\n\t\t\t\t\t\t<\/span>\n\t\t<\/div>\n\t\t\t\t<\/div>\n\t\t\t\t<\/div>\n\t\t\t\t<div class=\"elementor-element elementor-element-bec6b97 de_scroll_animation_no elementor-widget elementor-widget-text-editor\" data-id=\"bec6b97\" data-element_type=\"widget\" data-widget_type=\"text-editor.default\">\n\t\t\t\t<div class=\"elementor-widget-container\">\n\t\t\t\t\t\t\t<p><span style=\"font-weight: 400;\">Todos estes pavimentos foram submetidos a testes rigorosos em laborat\u00f3rio acreditado conforme a norma NP EN 1177 2018 AC 2019.<\/span><\/p>\t\t\t\t\t\t<\/div>\n\t\t\t\t<\/div>\n\t\t\t\t\t<\/div>\n\t\t<\/div>\n\t\t\t\t\t\t\t<\/div>\n\t\t<\/section>\n\t\t\t\t<section class=\"elementor-section elementor-top-section elementor-element elementor-element-60a1cae elementor-section-boxed elementor-section-height-default elementor-section-height-default\" data-id=\"60a1cae\" data-element_type=\"section\">\n\t\t\t\t\t\t<div class=\"elementor-container elementor-column-gap-wider\">\n\t\t\t\t\t<div class=\"elementor-column elementor-col-100 elementor-top-column elementor-element elementor-element-61a9f11\" data-id=\"61a9f11\" data-element_type=\"column\">\n\t\t\t<div class=\"elementor-widget-wrap elementor-element-populated\">\n\t\t\t\t\t\t\t\t<div class=\"elementor-element elementor-element-6b03109 de_scroll_animation_no elementor-invisible elementor-widget elementor-widget-text-editor\" data-id=\"6b03109\" data-element_type=\"widget\" data-settings=\"{&quot;_animation&quot;:&quot;fadeInUp&quot;,&quot;_animation_mobile&quot;:&quot;fadeInUp&quot;}\" data-widget_type=\"text-editor.default\">\n\t\t\t\t<div class=\"elementor-widget-container\">\n\t\t\t\t\t\t\t<p>Altura HIC Corti\u00e7a<\/p>\t\t\t\t\t\t<\/div>\n\t\t\t\t<\/div>\n\t\t\t\t<div class=\"elementor-element elementor-element-af4e374 de_scroll_animation_no elementor-widget elementor-widget-image\" data-id=\"af4e374\" data-element_type=\"widget\" data-widget_type=\"image.default\">\n\t\t\t\t<div class=\"elementor-widget-container\">\n\t\t\t<style>\/*! elementor - v3.7.7 - 20-09-2022 *\/\n.elementor-widget-image{text-align:center}.elementor-widget-image a{display:inline-block}.elementor-widget-image a img[src$=\".svg\"]{width:48px}.elementor-widget-image img{vertical-align:middle;display:inline-block}<\/style>\t\t\t\t\t\t\t\t\t\t\t\t<img loading=\"lazy\" decoding=\"async\" width=\"800\" height=\"409\" src=\"https:\/\/www.sje.pt\/sje\/wp-content\/uploads\/2022\/05\/experiencia-1-1024x523.jpg\" class=\"attachment-large size-large\" alt=\"\" srcset=\"https:\/\/www.sje.pt\/sje\/wp-content\/uploads\/2022\/05\/experiencia-1-1024x523.jpg 1024w, https:\/\/www.sje.pt\/sje\/wp-content\/uploads\/2022\/05\/experiencia-1-300x153.jpg 300w, https:\/\/www.sje.pt\/sje\/wp-content\/uploads\/2022\/05\/experiencia-1-768x392.jpg 768w, https:\/\/www.sje.pt\/sje\/wp-content\/uploads\/2022\/05\/experiencia-1-1536x784.jpg 1536w, https:\/\/www.sje.pt\/sje\/wp-content\/uploads\/2022\/05\/experiencia-1.jpg 1551w\" sizes=\"auto, (max-width: 800px) 100vw, 800px\" \/>\t\t\t\t\t\t\t\t\t\t\t\t\t\t\t<\/div>\n\t\t\t\t<\/div>\n\t\t\t\t<div class=\"elementor-element elementor-element-c45147c de_scroll_animation_no elementor-widget elementor-widget-spacer\" data-id=\"c45147c\" data-element_type=\"widget\" data-widget_type=\"spacer.default\">\n\t\t\t\t<div class=\"elementor-widget-container\">\n\t\t\t\t\t<div class=\"elementor-spacer\">\n\t\t\t<div class=\"elementor-spacer-inner\"><\/div>\n\t\t<\/div>\n\t\t\t\t<\/div>\n\t\t\t\t<\/div>\n\t\t\t\t<div class=\"elementor-element elementor-element-bc08b07 de_scroll_animation_no elementor-invisible elementor-widget elementor-widget-text-editor\" data-id=\"bc08b07\" data-element_type=\"widget\" data-settings=\"{&quot;_animation&quot;:&quot;fadeInUp&quot;,&quot;_animation_mobile&quot;:&quot;fadeInUp&quot;}\" data-widget_type=\"text-editor.default\">\n\t\t\t\t<div class=\"elementor-widget-container\">\n\t\t\t\t\t\t\t<p>Altura HIC CSBR<\/p>\t\t\t\t\t\t<\/div>\n\t\t\t\t<\/div>\n\t\t\t\t<div class=\"elementor-element elementor-element-cf35ba1 de_scroll_animation_no elementor-widget elementor-widget-image\" data-id=\"cf35ba1\" data-element_type=\"widget\" data-widget_type=\"image.default\">\n\t\t\t\t<div class=\"elementor-widget-container\">\n\t\t\t\t\t\t\t\t\t\t\t\t\t\t\t<img loading=\"lazy\" decoding=\"async\" width=\"800\" height=\"398\" src=\"https:\/\/www.sje.pt\/sje\/wp-content\/uploads\/2022\/05\/experiencia-3-1024x510.jpg\" class=\"attachment-large size-large\" alt=\"\" srcset=\"https:\/\/www.sje.pt\/sje\/wp-content\/uploads\/2022\/05\/experiencia-3-1024x510.jpg 1024w, https:\/\/www.sje.pt\/sje\/wp-content\/uploads\/2022\/05\/experiencia-3-300x150.jpg 300w, https:\/\/www.sje.pt\/sje\/wp-content\/uploads\/2022\/05\/experiencia-3-768x383.jpg 768w, https:\/\/www.sje.pt\/sje\/wp-content\/uploads\/2022\/05\/experiencia-3-1536x766.jpg 1536w, https:\/\/www.sje.pt\/sje\/wp-content\/uploads\/2022\/05\/experiencia-3.jpg 1551w\" sizes=\"auto, (max-width: 800px) 100vw, 800px\" \/>\t\t\t\t\t\t\t\t\t\t\t\t\t\t\t<\/div>\n\t\t\t\t<\/div>\n\t\t\t\t<div class=\"elementor-element elementor-element-4478063 de_scroll_animation_no elementor-widget elementor-widget-spacer\" data-id=\"4478063\" data-element_type=\"widget\" data-widget_type=\"spacer.default\">\n\t\t\t\t<div class=\"elementor-widget-container\">\n\t\t\t\t\t<div class=\"elementor-spacer\">\n\t\t\t<div class=\"elementor-spacer-inner\"><\/div>\n\t\t<\/div>\n\t\t\t\t<\/div>\n\t\t\t\t<\/div>\n\t\t\t\t<div class=\"elementor-element elementor-element-6594482 de_scroll_animation_no elementor-invisible elementor-widget elementor-widget-text-editor\" data-id=\"6594482\" data-element_type=\"widget\" data-settings=\"{&quot;_animation&quot;:&quot;fadeInUp&quot;,&quot;_animation_mobile&quot;:&quot;fadeInUp&quot;}\" data-widget_type=\"text-editor.default\">\n\t\t\t\t<div class=\"elementor-widget-container\">\n\t\t\t\t\t\t\t<p>Altura HIC EPDM<\/p>\t\t\t\t\t\t<\/div>\n\t\t\t\t<\/div>\n\t\t\t\t<div class=\"elementor-element elementor-element-8e05e1b de_scroll_animation_no elementor-widget elementor-widget-image\" data-id=\"8e05e1b\" data-element_type=\"widget\" data-widget_type=\"image.default\">\n\t\t\t\t<div class=\"elementor-widget-container\">\n\t\t\t\t\t\t\t\t\t\t\t\t\t\t\t<img loading=\"lazy\" decoding=\"async\" width=\"800\" height=\"398\" src=\"https:\/\/www.sje.pt\/sje\/wp-content\/uploads\/2022\/05\/experiencia-2-1024x510.jpg\" class=\"attachment-large size-large\" alt=\"\" srcset=\"https:\/\/www.sje.pt\/sje\/wp-content\/uploads\/2022\/05\/experiencia-2-1024x510.jpg 1024w, https:\/\/www.sje.pt\/sje\/wp-content\/uploads\/2022\/05\/experiencia-2-300x150.jpg 300w, https:\/\/www.sje.pt\/sje\/wp-content\/uploads\/2022\/05\/experiencia-2-768x383.jpg 768w, https:\/\/www.sje.pt\/sje\/wp-content\/uploads\/2022\/05\/experiencia-2-1536x766.jpg 1536w, https:\/\/www.sje.pt\/sje\/wp-content\/uploads\/2022\/05\/experiencia-2.jpg 1551w\" sizes=\"auto, (max-width: 800px) 100vw, 800px\" \/>\t\t\t\t\t\t\t\t\t\t\t\t\t\t\t<\/div>\n\t\t\t\t<\/div>\n\t\t\t\t\t<\/div>\n\t\t<\/div>\n\t\t\t\t\t\t\t<\/div>\n\t\t<\/section>\n\t\t\t\t\t\t\t<\/div>\n\t\t","protected":false},"excerpt":{"rendered":"<p>A SJE, sempre preocupada com a qualidade dos seus pavimentos, elaborou novos testes em laborat\u00f3rio, com novas espessuras em EPDM\u00a0 e CSBR em janeiro de 2021 e flexicork em 2022. Todos estes pavimentos foram submetidos a testes rigorosos em laborat\u00f3rio acreditado conforme a norma NP EN 1177 2018 AC 2019. Altura HIC Corti\u00e7a Altura HIC [&hellip;]<\/p>\n","protected":false},"author":1,"featured_media":554,"parent":0,"menu_order":0,"comment_status":"closed","ping_status":"closed","template":"","meta":{"footnotes":""},"class_list":["post-946","page","type-page","status-publish","has-post-thumbnail","hentry"],"yoast_head":"<!-- This site is optimized with the Yoast SEO plugin v19.7.1 - https:\/\/yoast.com\/wordpress\/plugins\/seo\/ -->\n<title>Experi\u00eancias - SJE - Sols - Jeux - Entretien, SARL<\/title>\n<meta name=\"robots\" content=\"index, follow, max-snippet:-1, max-image-preview:large, max-video-preview:-1\" \/>\n<link rel=\"canonical\" href=\"https:\/\/www.sje.pt\/sje\/experiencias\/\" \/>\n<meta property=\"og:locale\" content=\"pt_PT\" \/>\n<meta property=\"og:type\" content=\"article\" \/>\n<meta property=\"og:title\" content=\"Experi\u00eancias - SJE - Sols - Jeux - Entretien, SARL\" \/>\n<meta property=\"og:description\" content=\"A SJE, sempre preocupada com a qualidade dos seus pavimentos, elaborou novos testes em laborat\u00f3rio, com novas espessuras em EPDM\u00a0 e CSBR em janeiro de 2021 e flexicork em 2022. Todos estes pavimentos foram submetidos a testes rigorosos em laborat\u00f3rio acreditado conforme a norma NP EN 1177 2018 AC 2019. Altura HIC Corti\u00e7a Altura HIC [&hellip;]\" \/>\n<meta property=\"og:url\" content=\"https:\/\/www.sje.pt\/sje\/experiencias\/\" \/>\n<meta property=\"og:site_name\" content=\"SJE - Sols - Jeux - Entretien, SARL\" \/>\n<meta property=\"article:modified_time\" content=\"2022-05-31T13:38:08+00:00\" \/>\n<meta property=\"og:image\" content=\"https:\/\/www.sje.pt\/sje\/wp-content\/uploads\/2022\/03\/IMG_3964.jpg\" \/>\n\t<meta property=\"og:image:width\" content=\"1024\" \/>\n\t<meta property=\"og:image:height\" content=\"768\" \/>\n\t<meta property=\"og:image:type\" content=\"image\/jpeg\" \/>\n<meta name=\"twitter:card\" content=\"summary_large_image\" \/>\n<meta name=\"twitter:label1\" content=\"Tempo estimado de leitura\" \/>\n\t<meta name=\"twitter:data1\" content=\"1 minuto\" \/>\n<script type=\"application\/ld+json\" class=\"yoast-schema-graph\">{\"@context\":\"https:\/\/schema.org\",\"@graph\":[{\"@type\":\"WebPage\",\"@id\":\"https:\/\/www.sje.pt\/sje\/experiencias\/\",\"url\":\"https:\/\/www.sje.pt\/sje\/experiencias\/\",\"name\":\"Experi\u00eancias - SJE - Sols - Jeux - Entretien, SARL\",\"isPartOf\":{\"@id\":\"https:\/\/www.sje.pt\/sje\/#website\"},\"datePublished\":\"2022-03-08T18:23:57+00:00\",\"dateModified\":\"2022-05-31T13:38:08+00:00\",\"breadcrumb\":{\"@id\":\"https:\/\/www.sje.pt\/sje\/experiencias\/#breadcrumb\"},\"inLanguage\":\"pt-PT\",\"potentialAction\":[{\"@type\":\"ReadAction\",\"target\":[\"https:\/\/www.sje.pt\/sje\/experiencias\/\"]}]},{\"@type\":\"BreadcrumbList\",\"@id\":\"https:\/\/www.sje.pt\/sje\/experiencias\/#breadcrumb\",\"itemListElement\":[{\"@type\":\"ListItem\",\"position\":1,\"name\":\"Experi\u00eancias\"}]},{\"@type\":\"WebSite\",\"@id\":\"https:\/\/www.sje.pt\/sje\/#website\",\"url\":\"https:\/\/www.sje.pt\/sje\/\",\"name\":\"SJE - Sols - Jeux - Entretien, SARL\",\"description\":\"A SJE \u00e9 especializada na realiza\u00e7\u00e3o de pavimento de seguran\u00e7a in-situ para parques infantis. Temos projetos em Portugal,\",\"publisher\":{\"@id\":\"https:\/\/www.sje.pt\/sje\/#organization\"},\"potentialAction\":[{\"@type\":\"SearchAction\",\"target\":{\"@type\":\"EntryPoint\",\"urlTemplate\":\"https:\/\/www.sje.pt\/sje\/?s={search_term_string}\"},\"query-input\":\"required name=search_term_string\"}],\"inLanguage\":\"pt-PT\"},{\"@type\":\"Organization\",\"@id\":\"https:\/\/www.sje.pt\/sje\/#organization\",\"name\":\"SJE - Sols - Jeux - Entretien, SARL\",\"url\":\"https:\/\/www.sje.pt\/sje\/\",\"sameAs\":[],\"logo\":{\"@type\":\"ImageObject\",\"inLanguage\":\"pt-PT\",\"@id\":\"https:\/\/www.sje.pt\/sje\/#\/schema\/logo\/image\/\",\"url\":\"https:\/\/www.sje.pt\/sje\/wp-content\/uploads\/2022\/05\/logo-sje.png\",\"contentUrl\":\"https:\/\/www.sje.pt\/sje\/wp-content\/uploads\/2022\/05\/logo-sje.png\",\"width\":2010,\"height\":1919,\"caption\":\"SJE - Sols - Jeux - Entretien, SARL\"},\"image\":{\"@id\":\"https:\/\/www.sje.pt\/sje\/#\/schema\/logo\/image\/\"}}]}<\/script>\n<!-- \/ Yoast SEO plugin. -->","yoast_head_json":{"title":"Experi\u00eancias - SJE - Sols - Jeux - Entretien, SARL","robots":{"index":"index","follow":"follow","max-snippet":"max-snippet:-1","max-image-preview":"max-image-preview:large","max-video-preview":"max-video-preview:-1"},"canonical":"https:\/\/www.sje.pt\/sje\/experiencias\/","og_locale":"pt_PT","og_type":"article","og_title":"Experi\u00eancias - SJE - Sols - Jeux - Entretien, SARL","og_description":"A SJE, sempre preocupada com a qualidade dos seus pavimentos, elaborou novos testes em laborat\u00f3rio, com novas espessuras em EPDM\u00a0 e CSBR em janeiro de 2021 e flexicork em 2022. Todos estes pavimentos foram submetidos a testes rigorosos em laborat\u00f3rio acreditado conforme a norma NP EN 1177 2018 AC 2019. Altura HIC Corti\u00e7a Altura HIC [&hellip;]","og_url":"https:\/\/www.sje.pt\/sje\/experiencias\/","og_site_name":"SJE - Sols - Jeux - Entretien, SARL","article_modified_time":"2022-05-31T13:38:08+00:00","og_image":[{"width":1024,"height":768,"url":"https:\/\/www.sje.pt\/sje\/wp-content\/uploads\/2022\/03\/IMG_3964.jpg","type":"image\/jpeg"}],"twitter_card":"summary_large_image","twitter_misc":{"Tempo estimado de leitura":"1 minuto"},"schema":{"@context":"https:\/\/schema.org","@graph":[{"@type":"WebPage","@id":"https:\/\/www.sje.pt\/sje\/experiencias\/","url":"https:\/\/www.sje.pt\/sje\/experiencias\/","name":"Experi\u00eancias - SJE - Sols - Jeux - Entretien, SARL","isPartOf":{"@id":"https:\/\/www.sje.pt\/sje\/#website"},"datePublished":"2022-03-08T18:23:57+00:00","dateModified":"2022-05-31T13:38:08+00:00","breadcrumb":{"@id":"https:\/\/www.sje.pt\/sje\/experiencias\/#breadcrumb"},"inLanguage":"pt-PT","potentialAction":[{"@type":"ReadAction","target":["https:\/\/www.sje.pt\/sje\/experiencias\/"]}]},{"@type":"BreadcrumbList","@id":"https:\/\/www.sje.pt\/sje\/experiencias\/#breadcrumb","itemListElement":[{"@type":"ListItem","position":1,"name":"Experi\u00eancias"}]},{"@type":"WebSite","@id":"https:\/\/www.sje.pt\/sje\/#website","url":"https:\/\/www.sje.pt\/sje\/","name":"SJE - Sols - Jeux - Entretien, SARL","description":"A SJE \u00e9 especializada na realiza\u00e7\u00e3o de pavimento de seguran\u00e7a in-situ para parques infantis. Temos projetos em Portugal,","publisher":{"@id":"https:\/\/www.sje.pt\/sje\/#organization"},"potentialAction":[{"@type":"SearchAction","target":{"@type":"EntryPoint","urlTemplate":"https:\/\/www.sje.pt\/sje\/?s={search_term_string}"},"query-input":"required name=search_term_string"}],"inLanguage":"pt-PT"},{"@type":"Organization","@id":"https:\/\/www.sje.pt\/sje\/#organization","name":"SJE - Sols - Jeux - Entretien, SARL","url":"https:\/\/www.sje.pt\/sje\/","sameAs":[],"logo":{"@type":"ImageObject","inLanguage":"pt-PT","@id":"https:\/\/www.sje.pt\/sje\/#\/schema\/logo\/image\/","url":"https:\/\/www.sje.pt\/sje\/wp-content\/uploads\/2022\/05\/logo-sje.png","contentUrl":"https:\/\/www.sje.pt\/sje\/wp-content\/uploads\/2022\/05\/logo-sje.png","width":2010,"height":1919,"caption":"SJE - Sols - Jeux - Entretien, SARL"},"image":{"@id":"https:\/\/www.sje.pt\/sje\/#\/schema\/logo\/image\/"}}]}},"_links":{"self":[{"href":"https:\/\/www.sje.pt\/sje\/wp-json\/wp\/v2\/pages\/946","targetHints":{"allow":["GET"]}}],"collection":[{"href":"https:\/\/www.sje.pt\/sje\/wp-json\/wp\/v2\/pages"}],"about":[{"href":"https:\/\/www.sje.pt\/sje\/wp-json\/wp\/v2\/types\/page"}],"author":[{"embeddable":true,"href":"https:\/\/www.sje.pt\/sje\/wp-json\/wp\/v2\/users\/1"}],"replies":[{"embeddable":true,"href":"https:\/\/www.sje.pt\/sje\/wp-json\/wp\/v2\/comments?post=946"}],"version-history":[{"count":37,"href":"https:\/\/www.sje.pt\/sje\/wp-json\/wp\/v2\/pages\/946\/revisions"}],"predecessor-version":[{"id":2295,"href":"https:\/\/www.sje.pt\/sje\/wp-json\/wp\/v2\/pages\/946\/revisions\/2295"}],"wp:featuredmedia":[{"embeddable":true,"href":"https:\/\/www.sje.pt\/sje\/wp-json\/wp\/v2\/media\/554"}],"wp:attachment":[{"href":"https:\/\/www.sje.pt\/sje\/wp-json\/wp\/v2\/media?parent=946"}],"curies":[{"name":"wp","href":"https:\/\/api.w.org\/{rel}","templated":true}]}}