{"id":934,"date":"2022-03-08T18:09:40","date_gmt":"2022-03-08T18:09:40","guid":{"rendered":"https:\/\/www.sje.pt\/sje\/?page_id=934"},"modified":"2022-06-01T13:02:03","modified_gmt":"2022-06-01T13:02:03","slug":"descritivo-tecnico-dos-suportes-e-envolvente","status":"publish","type":"page","link":"https:\/\/www.sje.pt\/sje\/descritivo-tecnico-dos-suportes-e-envolvente\/","title":{"rendered":"Descritivo T\u00e9cnico dos Suportes e Envolvente"},"content":{"rendered":"\t\t<div data-elementor-type=\"wp-page\" data-elementor-id=\"934\" class=\"elementor elementor-934\">\n\t\t\t\t\t\t\t\t\t<section class=\"elementor-section elementor-top-section elementor-element elementor-element-41609495 elementor-reverse-mobile elementor-section-boxed elementor-section-height-default elementor-section-height-default\" data-id=\"41609495\" data-element_type=\"section\">\n\t\t\t\t\t\t<div class=\"elementor-container elementor-column-gap-wider\">\n\t\t\t\t\t<div class=\"elementor-column elementor-col-50 elementor-top-column elementor-element elementor-element-2a4d744a col1 elementor-invisible\" data-id=\"2a4d744a\" data-element_type=\"column\" data-settings=\"{&quot;background_background&quot;:&quot;classic&quot;,&quot;animation&quot;:&quot;fadeInRight&quot;,&quot;animation_delay&quot;:400}\">\n\t\t\t<div class=\"elementor-widget-wrap elementor-element-populated\">\n\t\t\t\t\t\t\t\t<div class=\"elementor-element elementor-element-706784b2 de_scroll_animation_no elementor-widget elementor-widget-spacer\" data-id=\"706784b2\" data-element_type=\"widget\" data-widget_type=\"spacer.default\">\n\t\t\t\t<div class=\"elementor-widget-container\">\n\t\t\t<style>\/*! elementor - v3.7.7 - 20-09-2022 *\/\n.elementor-column .elementor-spacer-inner{height:var(--spacer-size)}.e-container{--container-widget-width:100%}.e-container>.elementor-widget-spacer{width:var(--container-widget-width,var(--spacer-size));-ms-flex-item-align:stretch;align-self:stretch;-ms-flex-negative:0;flex-shrink:0}.e-container>.elementor-widget-spacer>.elementor-widget-container,.e-container>.elementor-widget-spacer>.elementor-widget-container>.elementor-spacer{height:100%}.e-container>.elementor-widget-spacer>.elementor-widget-container>.elementor-spacer>.elementor-spacer-inner{height:var(--container-widget-height,var(--spacer-size))}<\/style>\t\t<div class=\"elementor-spacer\">\n\t\t\t<div class=\"elementor-spacer-inner\"><\/div>\n\t\t<\/div>\n\t\t\t\t<\/div>\n\t\t\t\t<\/div>\n\t\t\t\t\t<\/div>\n\t\t<\/div>\n\t\t\t\t<div class=\"elementor-column elementor-col-50 elementor-top-column elementor-element elementor-element-5364bc4c col1\" data-id=\"5364bc4c\" data-element_type=\"column\" data-settings=\"{&quot;background_background&quot;:&quot;classic&quot;}\">\n\t\t\t<div class=\"elementor-widget-wrap elementor-element-populated\">\n\t\t\t\t\t\t\t\t<div class=\"elementor-element elementor-element-11dc8161 de_scroll_animation_no elementor-invisible elementor-widget elementor-widget-text-editor\" data-id=\"11dc8161\" data-element_type=\"widget\" data-settings=\"{&quot;_animation&quot;:&quot;fadeInLeft&quot;}\" data-widget_type=\"text-editor.default\">\n\t\t\t\t<div class=\"elementor-widget-container\">\n\t\t\t<style>\/*! elementor - v3.7.7 - 20-09-2022 *\/\n.elementor-widget-text-editor.elementor-drop-cap-view-stacked .elementor-drop-cap{background-color:#818a91;color:#fff}.elementor-widget-text-editor.elementor-drop-cap-view-framed .elementor-drop-cap{color:#818a91;border:3px solid;background-color:transparent}.elementor-widget-text-editor:not(.elementor-drop-cap-view-default) .elementor-drop-cap{margin-top:8px}.elementor-widget-text-editor:not(.elementor-drop-cap-view-default) .elementor-drop-cap-letter{width:1em;height:1em}.elementor-widget-text-editor .elementor-drop-cap{float:left;text-align:center;line-height:1;font-size:50px}.elementor-widget-text-editor .elementor-drop-cap-letter{display:inline-block}<\/style>\t\t\t\t<p><span style=\"font-weight: 400;\">Os suportes para receber pavimento de seguran\u00e7a t\u00eam que ser r\u00edgidos, como: bet\u00e3o, asfalto, laje de pedra etc..<\/span><\/p><p><span style=\"font-weight: 400;\">Os suportes podem ser tamb\u00e9m em tout venant, brita compactada, mas dever\u00e1 ser com as especifica\u00e7\u00f5es da SJE.<\/span><\/p>\t\t\t\t\t\t<\/div>\n\t\t\t\t<\/div>\n\t\t\t\t<div class=\"elementor-element elementor-element-10f51b15 elementor-widget-divider--view-line de_scroll_animation_no elementor-invisible elementor-widget elementor-widget-divider\" data-id=\"10f51b15\" data-element_type=\"widget\" data-settings=\"{&quot;_animation&quot;:&quot;fadeInLeft&quot;,&quot;_animation_delay&quot;:400}\" data-widget_type=\"divider.default\">\n\t\t\t\t<div class=\"elementor-widget-container\">\n\t\t\t<style>\/*! elementor - v3.7.7 - 20-09-2022 *\/\n.elementor-widget-divider{--divider-border-style:none;--divider-border-width:1px;--divider-color:#2c2c2c;--divider-icon-size:20px;--divider-element-spacing:10px;--divider-pattern-height:24px;--divider-pattern-size:20px;--divider-pattern-url:none;--divider-pattern-repeat:repeat-x}.elementor-widget-divider .elementor-divider{display:-webkit-box;display:-ms-flexbox;display:flex}.elementor-widget-divider .elementor-divider__text{font-size:15px;line-height:1;max-width:95%}.elementor-widget-divider .elementor-divider__element{margin:0 var(--divider-element-spacing);-ms-flex-negative:0;flex-shrink:0}.elementor-widget-divider .elementor-icon{font-size:var(--divider-icon-size)}.elementor-widget-divider .elementor-divider-separator{display:-webkit-box;display:-ms-flexbox;display:flex;margin:0;direction:ltr}.elementor-widget-divider--view-line_icon .elementor-divider-separator,.elementor-widget-divider--view-line_text .elementor-divider-separator{-webkit-box-align:center;-ms-flex-align:center;align-items:center}.elementor-widget-divider--view-line_icon .elementor-divider-separator:after,.elementor-widget-divider--view-line_icon .elementor-divider-separator:before,.elementor-widget-divider--view-line_text .elementor-divider-separator:after,.elementor-widget-divider--view-line_text .elementor-divider-separator:before{display:block;content:\"\";border-bottom:0;-webkit-box-flex:1;-ms-flex-positive:1;flex-grow:1;border-top:var(--divider-border-width) var(--divider-border-style) var(--divider-color)}.elementor-widget-divider--element-align-left .elementor-divider .elementor-divider-separator>.elementor-divider__svg:first-of-type{-webkit-box-flex:0;-ms-flex-positive:0;flex-grow:0;-ms-flex-negative:100;flex-shrink:100}.elementor-widget-divider--element-align-left .elementor-divider-separator:before{content:none}.elementor-widget-divider--element-align-left .elementor-divider__element{margin-left:0}.elementor-widget-divider--element-align-right .elementor-divider .elementor-divider-separator>.elementor-divider__svg:last-of-type{-webkit-box-flex:0;-ms-flex-positive:0;flex-grow:0;-ms-flex-negative:100;flex-shrink:100}.elementor-widget-divider--element-align-right .elementor-divider-separator:after{content:none}.elementor-widget-divider--element-align-right .elementor-divider__element{margin-right:0}.elementor-widget-divider:not(.elementor-widget-divider--view-line_text):not(.elementor-widget-divider--view-line_icon) .elementor-divider-separator{border-top:var(--divider-border-width) var(--divider-border-style) var(--divider-color)}.elementor-widget-divider--separator-type-pattern{--divider-border-style:none}.elementor-widget-divider--separator-type-pattern.elementor-widget-divider--view-line .elementor-divider-separator,.elementor-widget-divider--separator-type-pattern:not(.elementor-widget-divider--view-line) .elementor-divider-separator:after,.elementor-widget-divider--separator-type-pattern:not(.elementor-widget-divider--view-line) .elementor-divider-separator:before,.elementor-widget-divider--separator-type-pattern:not([class*=elementor-widget-divider--view]) .elementor-divider-separator{width:100%;min-height:var(--divider-pattern-height);-webkit-mask-size:var(--divider-pattern-size) 100%;mask-size:var(--divider-pattern-size) 100%;-webkit-mask-repeat:var(--divider-pattern-repeat);mask-repeat:var(--divider-pattern-repeat);background-color:var(--divider-color);-webkit-mask-image:var(--divider-pattern-url);mask-image:var(--divider-pattern-url)}.elementor-widget-divider--no-spacing{--divider-pattern-size:auto}.elementor-widget-divider--bg-round{--divider-pattern-repeat:round}.rtl .elementor-widget-divider .elementor-divider__text{direction:rtl}.e-container>.elementor-widget-divider{width:var(--container-widget-width,100%);--flex-grow:var(--container-widget-flex-grow,0)}<\/style>\t\t<div class=\"elementor-divider\">\n\t\t\t<span class=\"elementor-divider-separator\">\n\t\t\t\t\t\t<\/span>\n\t\t<\/div>\n\t\t\t\t<\/div>\n\t\t\t\t<\/div>\n\t\t\t\t\t<\/div>\n\t\t<\/div>\n\t\t\t\t\t\t\t<\/div>\n\t\t<\/section>\n\t\t\t\t<section class=\"elementor-section elementor-top-section elementor-element elementor-element-60a1cae elementor-section-boxed elementor-section-height-default elementor-section-height-default\" data-id=\"60a1cae\" data-element_type=\"section\">\n\t\t\t\t\t\t<div class=\"elementor-container elementor-column-gap-wider\">\n\t\t\t\t\t<div class=\"elementor-column elementor-col-50 elementor-top-column elementor-element elementor-element-61a9f11\" data-id=\"61a9f11\" data-element_type=\"column\">\n\t\t\t<div class=\"elementor-widget-wrap elementor-element-populated\">\n\t\t\t\t\t\t\t\t<div class=\"elementor-element elementor-element-af9cd2e de_scroll_animation_no elementor-widget elementor-widget-heading\" data-id=\"af9cd2e\" data-element_type=\"widget\" data-widget_type=\"heading.default\">\n\t\t\t\t<div class=\"elementor-widget-container\">\n\t\t\t<style>\/*! elementor - v3.7.7 - 20-09-2022 *\/\n.elementor-heading-title{padding:0;margin:0;line-height:1}.elementor-widget-heading .elementor-heading-title[class*=elementor-size-]>a{color:inherit;font-size:inherit;line-height:inherit}.elementor-widget-heading .elementor-heading-title.elementor-size-small{font-size:15px}.elementor-widget-heading .elementor-heading-title.elementor-size-medium{font-size:19px}.elementor-widget-heading .elementor-heading-title.elementor-size-large{font-size:29px}.elementor-widget-heading .elementor-heading-title.elementor-size-xl{font-size:39px}.elementor-widget-heading .elementor-heading-title.elementor-size-xxl{font-size:59px}<\/style><h4 class=\"elementor-heading-title elementor-size-default\">CORTE SOBRE SUPORTE DE BET\u00c3O OU ASFALTO:<\/h4>\t\t<\/div>\n\t\t\t\t<\/div>\n\t\t\t\t<div class=\"elementor-element elementor-element-bec6b97 de_scroll_animation_no elementor-widget elementor-widget-text-editor\" data-id=\"bec6b97\" data-element_type=\"widget\" data-widget_type=\"text-editor.default\">\n\t\t\t\t<div class=\"elementor-widget-container\">\n\t\t\t\t\t\t\t<p><span style=\"font-weight: 400;\">Quando a zona de seguran\u00e7a \u00e9 inferior \u00e0 \u00e1rea total, \u00e9 necess\u00e1rio fazer um corte em periferia. Esse pequeno corte tem por objetivo rematar o pavimento para evitar o seu levantamento com a passagem consecutiva das crian\u00e7as.<\/span><span style=\"font-weight: 400;\"><br \/><\/span><span style=\"font-weight: 400;\">Este procedimento realiza-se em 2 passos importantes: um corte controlado vertical e cria\u00e7\u00e3o de uma inclina\u00e7\u00e3o para zona a colocar.<\/span><\/p>\t\t\t\t\t\t<\/div>\n\t\t\t\t<\/div>\n\t\t\t\t\t<\/div>\n\t\t<\/div>\n\t\t\t\t<div class=\"elementor-column elementor-col-50 elementor-top-column elementor-element elementor-element-3de3f3e\" data-id=\"3de3f3e\" data-element_type=\"column\" data-settings=\"{&quot;background_background&quot;:&quot;classic&quot;}\">\n\t\t\t<div class=\"elementor-widget-wrap elementor-element-populated\">\n\t\t\t\t\t\t\t\t<div class=\"elementor-element elementor-element-2820d4d de_scroll_animation_no elementor-widget elementor-widget-heading\" data-id=\"2820d4d\" data-element_type=\"widget\" data-widget_type=\"heading.default\">\n\t\t\t\t<div class=\"elementor-widget-container\">\n\t\t\t<h4 class=\"elementor-heading-title elementor-size-default\">ESCOAMENTO:<\/h4>\t\t<\/div>\n\t\t\t\t<\/div>\n\t\t\t\t<div class=\"elementor-element elementor-element-d45d7d8 de_scroll_animation_no elementor-widget elementor-widget-text-editor\" data-id=\"d45d7d8\" data-element_type=\"widget\" data-widget_type=\"text-editor.default\">\n\t\t\t\t<div class=\"elementor-widget-container\">\n\t\t\t\t\t\t\t<p><span style=\"font-weight: 400;\">Sendo o pavimento sint\u00e9tico semiperme\u00e1vel \u00e9 preciso prever escoamentos para realiza\u00e7\u00e3o de suportes de 2% \u2013 3%.<\/span><\/p>\t\t\t\t\t\t<\/div>\n\t\t\t\t<\/div>\n\t\t\t\t<div class=\"elementor-element elementor-element-efaaf93 de_scroll_animation_no elementor-widget elementor-widget-heading\" data-id=\"efaaf93\" data-element_type=\"widget\" data-widget_type=\"heading.default\">\n\t\t\t\t<div class=\"elementor-widget-container\">\n\t\t\t<h4 class=\"elementor-heading-title elementor-size-default\">PROXIMIDADE DE PAVIMENTOS SOLTOS:<\/h4>\t\t<\/div>\n\t\t\t\t<\/div>\n\t\t\t\t<div class=\"elementor-element elementor-element-9c173f6 de_scroll_animation_no elementor-widget elementor-widget-text-editor\" data-id=\"9c173f6\" data-element_type=\"widget\" data-widget_type=\"text-editor.default\">\n\t\t\t\t<div class=\"elementor-widget-container\">\n\t\t\t\t\t\t\t<p><span style=\"font-weight: 400;\">Deve-se evitar a proximidade dos pavimentos sint\u00e9ticos, com areias, brita fina etc.. Estes materiais podem tapar os poros e reduzir assim a capacidade de amortecimento. O mesmo cuidado deve-se ter com a presen\u00e7a excessiva de folhas mortas e outros res\u00edduos vegetais. (MANUTEN\u00c7\u00c3O).<\/span><\/p>\t\t\t\t\t\t<\/div>\n\t\t\t\t<\/div>\n\t\t\t\t\t<\/div>\n\t\t<\/div>\n\t\t\t\t\t\t\t<\/div>\n\t\t<\/section>\n\t\t\t\t\t\t\t<\/div>\n\t\t","protected":false},"excerpt":{"rendered":"<p>Os suportes para receber pavimento de seguran\u00e7a t\u00eam que ser r\u00edgidos, como: bet\u00e3o, asfalto, laje de pedra etc.. Os suportes podem ser tamb\u00e9m em tout venant, brita compactada, mas dever\u00e1 ser com as especifica\u00e7\u00f5es da SJE. CORTE SOBRE SUPORTE DE BET\u00c3O OU ASFALTO: Quando a zona de seguran\u00e7a \u00e9 inferior \u00e0 \u00e1rea total, \u00e9 necess\u00e1rio [&hellip;]<\/p>\n","protected":false},"author":1,"featured_media":1339,"parent":0,"menu_order":0,"comment_status":"closed","ping_status":"closed","template":"","meta":{"footnotes":""},"class_list":["post-934","page","type-page","status-publish","has-post-thumbnail","hentry"],"yoast_head":"<!-- This site is optimized with the Yoast SEO plugin v19.7.1 - https:\/\/yoast.com\/wordpress\/plugins\/seo\/ -->\n<title>Descritivo T\u00e9cnico dos Suportes e Envolvente - SJE - Sols - Jeux - Entretien, SARL<\/title>\n<meta name=\"robots\" content=\"index, follow, max-snippet:-1, max-image-preview:large, max-video-preview:-1\" \/>\n<link rel=\"canonical\" href=\"https:\/\/www.sje.pt\/sje\/descritivo-tecnico-dos-suportes-e-envolvente\/\" \/>\n<meta property=\"og:locale\" content=\"pt_PT\" \/>\n<meta property=\"og:type\" content=\"article\" \/>\n<meta property=\"og:title\" content=\"Descritivo T\u00e9cnico dos Suportes e Envolvente - SJE - Sols - Jeux - Entretien, SARL\" \/>\n<meta property=\"og:description\" content=\"Os suportes para receber pavimento de seguran\u00e7a t\u00eam que ser r\u00edgidos, como: bet\u00e3o, asfalto, laje de pedra etc.. Os suportes podem ser tamb\u00e9m em tout venant, brita compactada, mas dever\u00e1 ser com as especifica\u00e7\u00f5es da SJE. CORTE SOBRE SUPORTE DE BET\u00c3O OU ASFALTO: Quando a zona de seguran\u00e7a \u00e9 inferior \u00e0 \u00e1rea total, \u00e9 necess\u00e1rio [&hellip;]\" \/>\n<meta property=\"og:url\" content=\"https:\/\/www.sje.pt\/sje\/descritivo-tecnico-dos-suportes-e-envolvente\/\" \/>\n<meta property=\"og:site_name\" content=\"SJE - Sols - Jeux - Entretien, SARL\" \/>\n<meta property=\"article:modified_time\" content=\"2022-06-01T13:02:03+00:00\" \/>\n<meta property=\"og:image\" content=\"https:\/\/www.sje.pt\/sje\/wp-content\/uploads\/2022\/05\/descritivo-tecnico-suporte-scaled.jpg\" \/>\n\t<meta property=\"og:image:width\" content=\"2560\" \/>\n\t<meta property=\"og:image:height\" content=\"1920\" \/>\n\t<meta property=\"og:image:type\" content=\"image\/jpeg\" \/>\n<meta name=\"twitter:card\" content=\"summary_large_image\" \/>\n<meta name=\"twitter:label1\" content=\"Tempo estimado de leitura\" \/>\n\t<meta name=\"twitter:data1\" content=\"1 minuto\" \/>\n<script type=\"application\/ld+json\" class=\"yoast-schema-graph\">{\"@context\":\"https:\/\/schema.org\",\"@graph\":[{\"@type\":\"WebPage\",\"@id\":\"https:\/\/www.sje.pt\/sje\/descritivo-tecnico-dos-suportes-e-envolvente\/\",\"url\":\"https:\/\/www.sje.pt\/sje\/descritivo-tecnico-dos-suportes-e-envolvente\/\",\"name\":\"Descritivo T\u00e9cnico dos Suportes e Envolvente - SJE - Sols - Jeux - Entretien, SARL\",\"isPartOf\":{\"@id\":\"https:\/\/www.sje.pt\/sje\/#website\"},\"datePublished\":\"2022-03-08T18:09:40+00:00\",\"dateModified\":\"2022-06-01T13:02:03+00:00\",\"breadcrumb\":{\"@id\":\"https:\/\/www.sje.pt\/sje\/descritivo-tecnico-dos-suportes-e-envolvente\/#breadcrumb\"},\"inLanguage\":\"pt-PT\",\"potentialAction\":[{\"@type\":\"ReadAction\",\"target\":[\"https:\/\/www.sje.pt\/sje\/descritivo-tecnico-dos-suportes-e-envolvente\/\"]}]},{\"@type\":\"BreadcrumbList\",\"@id\":\"https:\/\/www.sje.pt\/sje\/descritivo-tecnico-dos-suportes-e-envolvente\/#breadcrumb\",\"itemListElement\":[{\"@type\":\"ListItem\",\"position\":1,\"name\":\"Descritivo T\u00e9cnico dos Suportes e Envolvente\"}]},{\"@type\":\"WebSite\",\"@id\":\"https:\/\/www.sje.pt\/sje\/#website\",\"url\":\"https:\/\/www.sje.pt\/sje\/\",\"name\":\"SJE - Sols - Jeux - Entretien, SARL\",\"description\":\"A SJE \u00e9 especializada na realiza\u00e7\u00e3o de pavimento de seguran\u00e7a in-situ para parques infantis. Temos projetos em Portugal,\",\"publisher\":{\"@id\":\"https:\/\/www.sje.pt\/sje\/#organization\"},\"potentialAction\":[{\"@type\":\"SearchAction\",\"target\":{\"@type\":\"EntryPoint\",\"urlTemplate\":\"https:\/\/www.sje.pt\/sje\/?s={search_term_string}\"},\"query-input\":\"required name=search_term_string\"}],\"inLanguage\":\"pt-PT\"},{\"@type\":\"Organization\",\"@id\":\"https:\/\/www.sje.pt\/sje\/#organization\",\"name\":\"SJE - Sols - Jeux - Entretien, SARL\",\"url\":\"https:\/\/www.sje.pt\/sje\/\",\"sameAs\":[],\"logo\":{\"@type\":\"ImageObject\",\"inLanguage\":\"pt-PT\",\"@id\":\"https:\/\/www.sje.pt\/sje\/#\/schema\/logo\/image\/\",\"url\":\"https:\/\/www.sje.pt\/sje\/wp-content\/uploads\/2022\/05\/logo-sje.png\",\"contentUrl\":\"https:\/\/www.sje.pt\/sje\/wp-content\/uploads\/2022\/05\/logo-sje.png\",\"width\":2010,\"height\":1919,\"caption\":\"SJE - Sols - Jeux - Entretien, SARL\"},\"image\":{\"@id\":\"https:\/\/www.sje.pt\/sje\/#\/schema\/logo\/image\/\"}}]}<\/script>\n<!-- \/ Yoast SEO plugin. -->","yoast_head_json":{"title":"Descritivo T\u00e9cnico dos Suportes e Envolvente - SJE - Sols - Jeux - Entretien, SARL","robots":{"index":"index","follow":"follow","max-snippet":"max-snippet:-1","max-image-preview":"max-image-preview:large","max-video-preview":"max-video-preview:-1"},"canonical":"https:\/\/www.sje.pt\/sje\/descritivo-tecnico-dos-suportes-e-envolvente\/","og_locale":"pt_PT","og_type":"article","og_title":"Descritivo T\u00e9cnico dos Suportes e Envolvente - SJE - Sols - Jeux - Entretien, SARL","og_description":"Os suportes para receber pavimento de seguran\u00e7a t\u00eam que ser r\u00edgidos, como: bet\u00e3o, asfalto, laje de pedra etc.. Os suportes podem ser tamb\u00e9m em tout venant, brita compactada, mas dever\u00e1 ser com as especifica\u00e7\u00f5es da SJE. CORTE SOBRE SUPORTE DE BET\u00c3O OU ASFALTO: Quando a zona de seguran\u00e7a \u00e9 inferior \u00e0 \u00e1rea total, \u00e9 necess\u00e1rio [&hellip;]","og_url":"https:\/\/www.sje.pt\/sje\/descritivo-tecnico-dos-suportes-e-envolvente\/","og_site_name":"SJE - Sols - Jeux - Entretien, SARL","article_modified_time":"2022-06-01T13:02:03+00:00","og_image":[{"width":2560,"height":1920,"url":"https:\/\/www.sje.pt\/sje\/wp-content\/uploads\/2022\/05\/descritivo-tecnico-suporte-scaled.jpg","type":"image\/jpeg"}],"twitter_card":"summary_large_image","twitter_misc":{"Tempo estimado de leitura":"1 minuto"},"schema":{"@context":"https:\/\/schema.org","@graph":[{"@type":"WebPage","@id":"https:\/\/www.sje.pt\/sje\/descritivo-tecnico-dos-suportes-e-envolvente\/","url":"https:\/\/www.sje.pt\/sje\/descritivo-tecnico-dos-suportes-e-envolvente\/","name":"Descritivo T\u00e9cnico dos Suportes e Envolvente - SJE - Sols - Jeux - Entretien, SARL","isPartOf":{"@id":"https:\/\/www.sje.pt\/sje\/#website"},"datePublished":"2022-03-08T18:09:40+00:00","dateModified":"2022-06-01T13:02:03+00:00","breadcrumb":{"@id":"https:\/\/www.sje.pt\/sje\/descritivo-tecnico-dos-suportes-e-envolvente\/#breadcrumb"},"inLanguage":"pt-PT","potentialAction":[{"@type":"ReadAction","target":["https:\/\/www.sje.pt\/sje\/descritivo-tecnico-dos-suportes-e-envolvente\/"]}]},{"@type":"BreadcrumbList","@id":"https:\/\/www.sje.pt\/sje\/descritivo-tecnico-dos-suportes-e-envolvente\/#breadcrumb","itemListElement":[{"@type":"ListItem","position":1,"name":"Descritivo T\u00e9cnico dos Suportes e Envolvente"}]},{"@type":"WebSite","@id":"https:\/\/www.sje.pt\/sje\/#website","url":"https:\/\/www.sje.pt\/sje\/","name":"SJE - Sols - Jeux - Entretien, SARL","description":"A SJE \u00e9 especializada na realiza\u00e7\u00e3o de pavimento de seguran\u00e7a in-situ para parques infantis. Temos projetos em Portugal,","publisher":{"@id":"https:\/\/www.sje.pt\/sje\/#organization"},"potentialAction":[{"@type":"SearchAction","target":{"@type":"EntryPoint","urlTemplate":"https:\/\/www.sje.pt\/sje\/?s={search_term_string}"},"query-input":"required name=search_term_string"}],"inLanguage":"pt-PT"},{"@type":"Organization","@id":"https:\/\/www.sje.pt\/sje\/#organization","name":"SJE - Sols - Jeux - Entretien, SARL","url":"https:\/\/www.sje.pt\/sje\/","sameAs":[],"logo":{"@type":"ImageObject","inLanguage":"pt-PT","@id":"https:\/\/www.sje.pt\/sje\/#\/schema\/logo\/image\/","url":"https:\/\/www.sje.pt\/sje\/wp-content\/uploads\/2022\/05\/logo-sje.png","contentUrl":"https:\/\/www.sje.pt\/sje\/wp-content\/uploads\/2022\/05\/logo-sje.png","width":2010,"height":1919,"caption":"SJE - Sols - Jeux - Entretien, SARL"},"image":{"@id":"https:\/\/www.sje.pt\/sje\/#\/schema\/logo\/image\/"}}]}},"_links":{"self":[{"href":"https:\/\/www.sje.pt\/sje\/wp-json\/wp\/v2\/pages\/934","targetHints":{"allow":["GET"]}}],"collection":[{"href":"https:\/\/www.sje.pt\/sje\/wp-json\/wp\/v2\/pages"}],"about":[{"href":"https:\/\/www.sje.pt\/sje\/wp-json\/wp\/v2\/types\/page"}],"author":[{"embeddable":true,"href":"https:\/\/www.sje.pt\/sje\/wp-json\/wp\/v2\/users\/1"}],"replies":[{"embeddable":true,"href":"https:\/\/www.sje.pt\/sje\/wp-json\/wp\/v2\/comments?post=934"}],"version-history":[{"count":29,"href":"https:\/\/www.sje.pt\/sje\/wp-json\/wp\/v2\/pages\/934\/revisions"}],"predecessor-version":[{"id":2317,"href":"https:\/\/www.sje.pt\/sje\/wp-json\/wp\/v2\/pages\/934\/revisions\/2317"}],"wp:featuredmedia":[{"embeddable":true,"href":"https:\/\/www.sje.pt\/sje\/wp-json\/wp\/v2\/media\/1339"}],"wp:attachment":[{"href":"https:\/\/www.sje.pt\/sje\/wp-json\/wp\/v2\/media?parent=934"}],"curies":[{"name":"wp","href":"https:\/\/api.w.org\/{rel}","templated":true}]}}