{"id":382,"date":"2022-03-08T16:00:00","date_gmt":"2022-03-08T16:00:00","guid":{"rendered":"https:\/\/www.sje.pt\/sje\/?page_id=382"},"modified":"2022-03-08T16:16:53","modified_gmt":"2022-03-08T16:16:53","slug":"parceiros","status":"publish","type":"page","link":"https:\/\/www.sje.pt\/sje\/parceiros\/","title":{"rendered":"Parceiros"},"content":{"rendered":"\t\t<div data-elementor-type=\"wp-page\" data-elementor-id=\"382\" class=\"elementor elementor-382\">\n\t\t\t\t\t\t\t\t\t<section class=\"elementor-section elementor-top-section elementor-element elementor-element-f565170 elementor-section-boxed elementor-section-height-default elementor-section-height-default\" data-id=\"f565170\" data-element_type=\"section\">\n\t\t\t\t\t\t<div class=\"elementor-container elementor-column-gap-wider\">\n\t\t\t\t\t<div class=\"elementor-column elementor-col-100 elementor-top-column elementor-element elementor-element-6973fc6\" data-id=\"6973fc6\" data-element_type=\"column\">\n\t\t\t<div class=\"elementor-widget-wrap elementor-element-populated\">\n\t\t\t\t\t\t\t\t<div class=\"elementor-element elementor-element-7aef8e2 de_scroll_animation_no elementor-widget elementor-widget-heading\" data-id=\"7aef8e2\" data-element_type=\"widget\" data-widget_type=\"heading.default\">\n\t\t\t\t<div class=\"elementor-widget-container\">\n\t\t\t<style>\/*! elementor - v3.7.7 - 20-09-2022 *\/\n.elementor-heading-title{padding:0;margin:0;line-height:1}.elementor-widget-heading .elementor-heading-title[class*=elementor-size-]>a{color:inherit;font-size:inherit;line-height:inherit}.elementor-widget-heading .elementor-heading-title.elementor-size-small{font-size:15px}.elementor-widget-heading .elementor-heading-title.elementor-size-medium{font-size:19px}.elementor-widget-heading .elementor-heading-title.elementor-size-large{font-size:29px}.elementor-widget-heading .elementor-heading-title.elementor-size-xl{font-size:39px}.elementor-widget-heading .elementor-heading-title.elementor-size-xxl{font-size:59px}<\/style><h4 class=\"elementor-heading-title elementor-size-default\">Organismos de controlo <\/h4>\t\t<\/div>\n\t\t\t\t<\/div>\n\t\t\t\t<section class=\"elementor-section elementor-inner-section elementor-element elementor-element-b6044b2 elementor-section-boxed elementor-section-height-default elementor-section-height-default\" data-id=\"b6044b2\" data-element_type=\"section\">\n\t\t\t\t\t\t<div class=\"elementor-container elementor-column-gap-default\">\n\t\t\t\t\t<div class=\"elementor-column elementor-col-25 elementor-inner-column elementor-element elementor-element-6ecad37\" data-id=\"6ecad37\" data-element_type=\"column\">\n\t\t\t<div class=\"elementor-widget-wrap elementor-element-populated\">\n\t\t\t\t\t\t\t\t<div class=\"elementor-element elementor-element-b1f9ff2 de_scroll_animation_no elementor-widget elementor-widget-image\" data-id=\"b1f9ff2\" data-element_type=\"widget\" data-widget_type=\"image.default\">\n\t\t\t\t<div class=\"elementor-widget-container\">\n\t\t\t<style>\/*! elementor - v3.7.7 - 20-09-2022 *\/\n.elementor-widget-image{text-align:center}.elementor-widget-image a{display:inline-block}.elementor-widget-image a img[src$=\".svg\"]{width:48px}.elementor-widget-image img{vertical-align:middle;display:inline-block}<\/style>\t\t\t\t\t\t\t\t\t\t\t\t\t<a href=\"http:\/\/www.lne.fr\/\" target=\"_blank\">\n\t\t\t\t\t\t\t<img loading=\"lazy\" decoding=\"async\" width=\"284\" height=\"180\" src=\"https:\/\/www.sje.pt\/sje\/wp-content\/uploads\/2022\/03\/lne.png\" class=\"attachment-large size-large\" alt=\"\" \/>\t\t\t\t\t\t\t\t<\/a>\n\t\t\t\t\t\t\t\t\t\t\t\t\t\t\t<\/div>\n\t\t\t\t<\/div>\n\t\t\t\t\t<\/div>\n\t\t<\/div>\n\t\t\t\t<div class=\"elementor-column elementor-col-25 elementor-inner-column elementor-element elementor-element-bd0d8e3\" data-id=\"bd0d8e3\" data-element_type=\"column\">\n\t\t\t<div class=\"elementor-widget-wrap elementor-element-populated\">\n\t\t\t\t\t\t\t\t<div class=\"elementor-element elementor-element-ccecce5 de_scroll_animation_no elementor-widget elementor-widget-image\" data-id=\"ccecce5\" data-element_type=\"widget\" data-widget_type=\"image.default\">\n\t\t\t\t<div class=\"elementor-widget-container\">\n\t\t\t\t\t\t\t\t\t\t\t\t\t\t\t\t<a href=\"http:\/\/www.prelud.fr\/\" target=\"_blank\">\n\t\t\t\t\t\t\t<img loading=\"lazy\" decoding=\"async\" width=\"284\" height=\"180\" src=\"https:\/\/www.sje.pt\/sje\/wp-content\/uploads\/2022\/03\/prelud.png\" class=\"attachment-large size-large\" alt=\"\" \/>\t\t\t\t\t\t\t\t<\/a>\n\t\t\t\t\t\t\t\t\t\t\t\t\t\t\t<\/div>\n\t\t\t\t<\/div>\n\t\t\t\t\t<\/div>\n\t\t<\/div>\n\t\t\t\t<div class=\"elementor-column elementor-col-25 elementor-inner-column elementor-element elementor-element-57de4fa\" data-id=\"57de4fa\" data-element_type=\"column\">\n\t\t\t<div class=\"elementor-widget-wrap elementor-element-populated\">\n\t\t\t\t\t\t\t\t<div class=\"elementor-element elementor-element-9af1e4c de_scroll_animation_no elementor-widget elementor-widget-image\" data-id=\"9af1e4c\" data-element_type=\"widget\" data-widget_type=\"image.default\">\n\t\t\t\t<div class=\"elementor-widget-container\">\n\t\t\t\t\t\t\t\t\t\t\t\t\t\t\t\t<a href=\"https:\/\/www.isq.pt\/\" target=\"_blank\">\n\t\t\t\t\t\t\t<img loading=\"lazy\" decoding=\"async\" width=\"284\" height=\"180\" src=\"https:\/\/www.sje.pt\/sje\/wp-content\/uploads\/2022\/03\/isq.png\" class=\"attachment-large size-large\" alt=\"\" \/>\t\t\t\t\t\t\t\t<\/a>\n\t\t\t\t\t\t\t\t\t\t\t\t\t\t\t<\/div>\n\t\t\t\t<\/div>\n\t\t\t\t\t<\/div>\n\t\t<\/div>\n\t\t\t\t<div class=\"elementor-column elementor-col-25 elementor-inner-column elementor-element elementor-element-f11f5bd\" data-id=\"f11f5bd\" data-element_type=\"column\">\n\t\t\t<div class=\"elementor-widget-wrap elementor-element-populated\">\n\t\t\t\t\t\t\t\t<div class=\"elementor-element elementor-element-2671f73 de_scroll_animation_no elementor-widget elementor-widget-image\" data-id=\"2671f73\" data-element_type=\"widget\" data-widget_type=\"image.default\">\n\t\t\t\t<div class=\"elementor-widget-container\">\n\t\t\t\t\t\t\t\t\t\t\t\t\t\t\t\t<a href=\"https:\/\/liq.pt\/\" target=\"_blank\">\n\t\t\t\t\t\t\t<img loading=\"lazy\" decoding=\"async\" width=\"284\" height=\"180\" src=\"https:\/\/www.sje.pt\/sje\/wp-content\/uploads\/2022\/03\/liq.png\" class=\"attachment-large size-large\" alt=\"\" \/>\t\t\t\t\t\t\t\t<\/a>\n\t\t\t\t\t\t\t\t\t\t\t\t\t\t\t<\/div>\n\t\t\t\t<\/div>\n\t\t\t\t\t<\/div>\n\t\t<\/div>\n\t\t\t\t\t\t\t<\/div>\n\t\t<\/section>\n\t\t\t\t\t<\/div>\n\t\t<\/div>\n\t\t\t\t\t\t\t<\/div>\n\t\t<\/section>\n\t\t\t\t<section class=\"elementor-section elementor-top-section elementor-element elementor-element-a22be70 elementor-section-boxed elementor-section-height-default elementor-section-height-default\" data-id=\"a22be70\" data-element_type=\"section\">\n\t\t\t\t\t\t<div class=\"elementor-container elementor-column-gap-wider\">\n\t\t\t\t\t<div class=\"elementor-column elementor-col-100 elementor-top-column elementor-element elementor-element-054b193\" data-id=\"054b193\" data-element_type=\"column\">\n\t\t\t<div class=\"elementor-widget-wrap elementor-element-populated\">\n\t\t\t\t\t\t\t\t<div class=\"elementor-element elementor-element-c6a94ac de_scroll_animation_no elementor-widget elementor-widget-heading\" data-id=\"c6a94ac\" data-element_type=\"widget\" data-widget_type=\"heading.default\">\n\t\t\t\t<div class=\"elementor-widget-container\">\n\t\t\t<h4 class=\"elementor-heading-title elementor-size-default\">Fabricantes de Resinas e de Granulados EPDM<\/h4>\t\t<\/div>\n\t\t\t\t<\/div>\n\t\t\t\t<section class=\"elementor-section elementor-inner-section elementor-element elementor-element-137f75a elementor-section-boxed elementor-section-height-default elementor-section-height-default\" data-id=\"137f75a\" data-element_type=\"section\">\n\t\t\t\t\t\t<div class=\"elementor-container elementor-column-gap-default\">\n\t\t\t\t\t<div class=\"elementor-column elementor-col-25 elementor-inner-column elementor-element elementor-element-8b94b8b\" data-id=\"8b94b8b\" data-element_type=\"column\">\n\t\t\t<div class=\"elementor-widget-wrap elementor-element-populated\">\n\t\t\t\t\t\t\t\t<div class=\"elementor-element elementor-element-b2862e5 de_scroll_animation_no elementor-widget elementor-widget-image\" data-id=\"b2862e5\" data-element_type=\"widget\" data-widget_type=\"image.default\">\n\t\t\t\t<div class=\"elementor-widget-container\">\n\t\t\t\t\t\t\t\t\t\t\t\t\t\t\t\t<a href=\"http:\/\/www.stockmeier.com\/\" target=\"_blank\">\n\t\t\t\t\t\t\t<img loading=\"lazy\" decoding=\"async\" width=\"284\" height=\"180\" src=\"https:\/\/www.sje.pt\/sje\/wp-content\/uploads\/2022\/03\/stocknmeyer.png\" class=\"attachment-large size-large\" alt=\"\" \/>\t\t\t\t\t\t\t\t<\/a>\n\t\t\t\t\t\t\t\t\t\t\t\t\t\t\t<\/div>\n\t\t\t\t<\/div>\n\t\t\t\t\t<\/div>\n\t\t<\/div>\n\t\t\t\t<div class=\"elementor-column elementor-col-25 elementor-inner-column elementor-element elementor-element-5a0b1ec\" data-id=\"5a0b1ec\" data-element_type=\"column\">\n\t\t\t<div class=\"elementor-widget-wrap elementor-element-populated\">\n\t\t\t\t\t\t\t\t<div class=\"elementor-element elementor-element-f6746c3 de_scroll_animation_no elementor-widget elementor-widget-image\" data-id=\"f6746c3\" data-element_type=\"widget\" data-widget_type=\"image.default\">\n\t\t\t\t<div class=\"elementor-widget-container\">\n\t\t\t\t\t\t\t\t\t\t\t\t\t\t\t\t<a href=\"http:\/\/www.gezolan.ch\/\" target=\"_blank\">\n\t\t\t\t\t\t\t<img loading=\"lazy\" decoding=\"async\" width=\"284\" height=\"180\" src=\"https:\/\/www.sje.pt\/sje\/wp-content\/uploads\/2022\/03\/gezolastic.png\" class=\"attachment-large size-large\" alt=\"\" \/>\t\t\t\t\t\t\t\t<\/a>\n\t\t\t\t\t\t\t\t\t\t\t\t\t\t\t<\/div>\n\t\t\t\t<\/div>\n\t\t\t\t\t<\/div>\n\t\t<\/div>\n\t\t\t\t<div class=\"elementor-column elementor-col-25 elementor-inner-column elementor-element elementor-element-10dd2b7\" data-id=\"10dd2b7\" data-element_type=\"column\">\n\t\t\t<div class=\"elementor-widget-wrap elementor-element-populated\">\n\t\t\t\t\t\t\t\t<div class=\"elementor-element elementor-element-6789730 de_scroll_animation_no elementor-widget elementor-widget-image\" data-id=\"6789730\" data-element_type=\"widget\" data-widget_type=\"image.default\">\n\t\t\t\t<div class=\"elementor-widget-container\">\n\t\t\t\t\t\t\t\t\t\t\t\t\t\t\t\t<a href=\"https:\/\/www.conica.com\/\" target=\"_blank\">\n\t\t\t\t\t\t\t<img loading=\"lazy\" decoding=\"async\" width=\"284\" height=\"180\" src=\"https:\/\/www.sje.pt\/sje\/wp-content\/uploads\/2022\/03\/conica.png\" class=\"attachment-large size-large\" alt=\"\" \/>\t\t\t\t\t\t\t\t<\/a>\n\t\t\t\t\t\t\t\t\t\t\t\t\t\t\t<\/div>\n\t\t\t\t<\/div>\n\t\t\t\t\t<\/div>\n\t\t<\/div>\n\t\t\t\t<div class=\"elementor-column elementor-col-25 elementor-inner-column elementor-element elementor-element-f296370\" data-id=\"f296370\" data-element_type=\"column\">\n\t\t\t<div class=\"elementor-widget-wrap elementor-element-populated\">\n\t\t\t\t\t\t\t\t<div class=\"elementor-element elementor-element-0e8ef53 de_scroll_animation_no elementor-widget elementor-widget-image\" data-id=\"0e8ef53\" data-element_type=\"widget\" data-widget_type=\"image.default\">\n\t\t\t\t<div class=\"elementor-widget-container\">\n\t\t\t\t\t\t\t\t\t\t\t\t\t\t\t\t<a href=\"https:\/\/www.cikautxo.es\/\" target=\"_blank\">\n\t\t\t\t\t\t\t<img loading=\"lazy\" decoding=\"async\" width=\"284\" height=\"180\" src=\"https:\/\/www.sje.pt\/sje\/wp-content\/uploads\/2022\/03\/cikautxo.png\" class=\"attachment-large size-large\" alt=\"\" \/>\t\t\t\t\t\t\t\t<\/a>\n\t\t\t\t\t\t\t\t\t\t\t\t\t\t\t<\/div>\n\t\t\t\t<\/div>\n\t\t\t\t\t<\/div>\n\t\t<\/div>\n\t\t\t\t\t\t\t<\/div>\n\t\t<\/section>\n\t\t\t\t\t<\/div>\n\t\t<\/div>\n\t\t\t\t\t\t\t<\/div>\n\t\t<\/section>\n\t\t\t\t<section class=\"elementor-section elementor-top-section elementor-element elementor-element-1d513de elementor-section-boxed elementor-section-height-default elementor-section-height-default\" data-id=\"1d513de\" data-element_type=\"section\">\n\t\t\t\t\t\t<div class=\"elementor-container elementor-column-gap-wider\">\n\t\t\t\t\t<div class=\"elementor-column elementor-col-100 elementor-top-column elementor-element elementor-element-675a919\" data-id=\"675a919\" data-element_type=\"column\">\n\t\t\t<div class=\"elementor-widget-wrap elementor-element-populated\">\n\t\t\t\t\t\t\t\t<div class=\"elementor-element elementor-element-e002673 de_scroll_animation_no elementor-widget elementor-widget-heading\" data-id=\"e002673\" data-element_type=\"widget\" data-widget_type=\"heading.default\">\n\t\t\t\t<div class=\"elementor-widget-container\">\n\t\t\t<h4 class=\"elementor-heading-title elementor-size-default\">Fabricantes de Granulado SBR<\/h4>\t\t<\/div>\n\t\t\t\t<\/div>\n\t\t\t\t<section class=\"elementor-section elementor-inner-section elementor-element elementor-element-33c9296 elementor-section-boxed elementor-section-height-default elementor-section-height-default\" data-id=\"33c9296\" data-element_type=\"section\">\n\t\t\t\t\t\t<div class=\"elementor-container elementor-column-gap-default\">\n\t\t\t\t\t<div class=\"elementor-column elementor-col-25 elementor-inner-column elementor-element elementor-element-12f7858\" data-id=\"12f7858\" data-element_type=\"column\">\n\t\t\t<div class=\"elementor-widget-wrap\">\n\t\t\t\t\t\t\t\t\t<\/div>\n\t\t<\/div>\n\t\t\t\t<div class=\"elementor-column elementor-col-25 elementor-inner-column elementor-element elementor-element-824935e\" data-id=\"824935e\" data-element_type=\"column\">\n\t\t\t<div class=\"elementor-widget-wrap elementor-element-populated\">\n\t\t\t\t\t\t\t\t<div class=\"elementor-element elementor-element-d725a26 de_scroll_animation_no elementor-widget elementor-widget-image\" data-id=\"d725a26\" data-element_type=\"widget\" data-widget_type=\"image.default\">\n\t\t\t\t<div class=\"elementor-widget-container\">\n\t\t\t\t\t\t\t\t\t\t\t\t\t\t\t\t<a href=\"http:\/\/www.regene-atlantique.com\/\" target=\"_blank\">\n\t\t\t\t\t\t\t<img loading=\"lazy\" decoding=\"async\" width=\"284\" height=\"180\" src=\"https:\/\/www.sje.pt\/sje\/wp-content\/uploads\/2022\/03\/regene.png\" class=\"attachment-large size-large\" alt=\"\" \/>\t\t\t\t\t\t\t\t<\/a>\n\t\t\t\t\t\t\t\t\t\t\t\t\t\t\t<\/div>\n\t\t\t\t<\/div>\n\t\t\t\t\t<\/div>\n\t\t<\/div>\n\t\t\t\t<div class=\"elementor-column elementor-col-25 elementor-inner-column elementor-element elementor-element-3009e4c\" data-id=\"3009e4c\" data-element_type=\"column\">\n\t\t\t<div class=\"elementor-widget-wrap elementor-element-populated\">\n\t\t\t\t\t\t\t\t<div class=\"elementor-element elementor-element-907ed6e de_scroll_animation_no elementor-widget elementor-widget-image\" data-id=\"907ed6e\" data-element_type=\"widget\" data-widget_type=\"image.default\">\n\t\t\t\t<div class=\"elementor-widget-container\">\n\t\t\t\t\t\t\t\t\t\t\t\t\t\t\t\t<a href=\"https:\/\/www.genan.pt\/\" target=\"_blank\">\n\t\t\t\t\t\t\t<img loading=\"lazy\" decoding=\"async\" width=\"284\" height=\"180\" src=\"https:\/\/www.sje.pt\/sje\/wp-content\/uploads\/2022\/03\/genan.png\" class=\"attachment-large size-large\" alt=\"\" \/>\t\t\t\t\t\t\t\t<\/a>\n\t\t\t\t\t\t\t\t\t\t\t\t\t\t\t<\/div>\n\t\t\t\t<\/div>\n\t\t\t\t\t<\/div>\n\t\t<\/div>\n\t\t\t\t<div class=\"elementor-column elementor-col-25 elementor-inner-column elementor-element elementor-element-a67dcc0\" data-id=\"a67dcc0\" data-element_type=\"column\">\n\t\t\t<div class=\"elementor-widget-wrap\">\n\t\t\t\t\t\t\t\t\t<\/div>\n\t\t<\/div>\n\t\t\t\t\t\t\t<\/div>\n\t\t<\/section>\n\t\t\t\t\t<\/div>\n\t\t<\/div>\n\t\t\t\t\t\t\t<\/div>\n\t\t<\/section>\n\t\t\t\t<section class=\"elementor-section elementor-top-section elementor-element elementor-element-44e9eb1 elementor-section-boxed elementor-section-height-default elementor-section-height-default\" data-id=\"44e9eb1\" data-element_type=\"section\">\n\t\t\t\t\t\t<div class=\"elementor-container elementor-column-gap-wider\">\n\t\t\t\t\t<div class=\"elementor-column elementor-col-100 elementor-top-column elementor-element elementor-element-d7949ce\" data-id=\"d7949ce\" data-element_type=\"column\">\n\t\t\t<div class=\"elementor-widget-wrap elementor-element-populated\">\n\t\t\t\t\t\t\t\t<div class=\"elementor-element elementor-element-bae59e5 de_scroll_animation_no elementor-widget elementor-widget-heading\" data-id=\"bae59e5\" data-element_type=\"widget\" data-widget_type=\"heading.default\">\n\t\t\t\t<div class=\"elementor-widget-container\">\n\t\t\t<h4 class=\"elementor-heading-title elementor-size-default\">Criador de Pavimentos Sint\u00e9ticos para parques infantis<\/h4>\t\t<\/div>\n\t\t\t\t<\/div>\n\t\t\t\t<div class=\"elementor-element elementor-element-23b2881 de_scroll_animation_no elementor-widget elementor-widget-image\" data-id=\"23b2881\" data-element_type=\"widget\" data-widget_type=\"image.default\">\n\t\t\t\t<div class=\"elementor-widget-container\">\n\t\t\t\t\t\t\t\t\t\t\t\t\t\t\t\t<a href=\"https:\/\/solsetjeux.com\/\" target=\"_blank\">\n\t\t\t\t\t\t\t<img loading=\"lazy\" decoding=\"async\" width=\"284\" height=\"180\" src=\"https:\/\/www.sje.pt\/sje\/wp-content\/uploads\/2022\/03\/sje.png\" class=\"attachment-large size-large\" alt=\"\" \/>\t\t\t\t\t\t\t\t<\/a>\n\t\t\t\t\t\t\t\t\t\t\t\t\t\t\t<\/div>\n\t\t\t\t<\/div>\n\t\t\t\t\t<\/div>\n\t\t<\/div>\n\t\t\t\t\t\t\t<\/div>\n\t\t<\/section>\n\t\t\t\t\t\t\t<\/div>\n\t\t","protected":false},"excerpt":{"rendered":"<p>Organismos de controlo Fabricantes de Resinas e de Granulados EPDM Fabricantes de Granulado SBR Criador de Pavimentos Sint\u00e9ticos para parques infantis<\/p>\n","protected":false},"author":1,"featured_media":303,"parent":0,"menu_order":0,"comment_status":"closed","ping_status":"closed","template":"","meta":{"footnotes":""},"class_list":["post-382","page","type-page","status-publish","has-post-thumbnail","hentry"],"yoast_head":"<!-- This site is optimized with the Yoast SEO plugin v19.7.1 - https:\/\/yoast.com\/wordpress\/plugins\/seo\/ -->\n<title>Parceiros - SJE - Sols - Jeux - Entretien, SARL<\/title>\n<meta name=\"robots\" content=\"index, follow, max-snippet:-1, max-image-preview:large, max-video-preview:-1\" \/>\n<link rel=\"canonical\" href=\"https:\/\/www.sje.pt\/sje\/parceiros\/\" \/>\n<meta property=\"og:locale\" content=\"pt_PT\" \/>\n<meta property=\"og:type\" content=\"article\" \/>\n<meta property=\"og:title\" content=\"Parceiros - SJE - Sols - Jeux - Entretien, SARL\" \/>\n<meta property=\"og:description\" content=\"Organismos de controlo Fabricantes de Resinas e de Granulados EPDM Fabricantes de Granulado SBR Criador de Pavimentos Sint\u00e9ticos para parques infantis\" \/>\n<meta property=\"og:url\" content=\"https:\/\/www.sje.pt\/sje\/parceiros\/\" \/>\n<meta property=\"og:site_name\" content=\"SJE - Sols - Jeux - Entretien, SARL\" \/>\n<meta property=\"article:modified_time\" content=\"2022-03-08T16:16:53+00:00\" \/>\n<meta property=\"og:image\" content=\"https:\/\/www.sje.pt\/sje\/wp-content\/uploads\/2022\/03\/sje-5.jpg\" \/>\n\t<meta property=\"og:image:width\" content=\"2000\" \/>\n\t<meta property=\"og:image:height\" content=\"738\" \/>\n\t<meta property=\"og:image:type\" content=\"image\/jpeg\" \/>\n<meta name=\"twitter:card\" content=\"summary_large_image\" \/>\n<script type=\"application\/ld+json\" class=\"yoast-schema-graph\">{\"@context\":\"https:\/\/schema.org\",\"@graph\":[{\"@type\":\"WebPage\",\"@id\":\"https:\/\/www.sje.pt\/sje\/parceiros\/\",\"url\":\"https:\/\/www.sje.pt\/sje\/parceiros\/\",\"name\":\"Parceiros - SJE - Sols - Jeux - Entretien, SARL\",\"isPartOf\":{\"@id\":\"https:\/\/www.sje.pt\/sje\/#website\"},\"datePublished\":\"2022-03-08T16:00:00+00:00\",\"dateModified\":\"2022-03-08T16:16:53+00:00\",\"breadcrumb\":{\"@id\":\"https:\/\/www.sje.pt\/sje\/parceiros\/#breadcrumb\"},\"inLanguage\":\"pt-PT\",\"potentialAction\":[{\"@type\":\"ReadAction\",\"target\":[\"https:\/\/www.sje.pt\/sje\/parceiros\/\"]}]},{\"@type\":\"BreadcrumbList\",\"@id\":\"https:\/\/www.sje.pt\/sje\/parceiros\/#breadcrumb\",\"itemListElement\":[{\"@type\":\"ListItem\",\"position\":1,\"name\":\"Parceiros\"}]},{\"@type\":\"WebSite\",\"@id\":\"https:\/\/www.sje.pt\/sje\/#website\",\"url\":\"https:\/\/www.sje.pt\/sje\/\",\"name\":\"SJE - Sols - Jeux - Entretien, SARL\",\"description\":\"A SJE \u00e9 especializada na realiza\u00e7\u00e3o de pavimento de seguran\u00e7a in-situ para parques infantis. Temos projetos em Portugal,\",\"publisher\":{\"@id\":\"https:\/\/www.sje.pt\/sje\/#organization\"},\"potentialAction\":[{\"@type\":\"SearchAction\",\"target\":{\"@type\":\"EntryPoint\",\"urlTemplate\":\"https:\/\/www.sje.pt\/sje\/?s={search_term_string}\"},\"query-input\":\"required name=search_term_string\"}],\"inLanguage\":\"pt-PT\"},{\"@type\":\"Organization\",\"@id\":\"https:\/\/www.sje.pt\/sje\/#organization\",\"name\":\"SJE - Sols - Jeux - Entretien, SARL\",\"url\":\"https:\/\/www.sje.pt\/sje\/\",\"sameAs\":[],\"logo\":{\"@type\":\"ImageObject\",\"inLanguage\":\"pt-PT\",\"@id\":\"https:\/\/www.sje.pt\/sje\/#\/schema\/logo\/image\/\",\"url\":\"https:\/\/www.sje.pt\/sje\/wp-content\/uploads\/2022\/05\/logo-sje.png\",\"contentUrl\":\"https:\/\/www.sje.pt\/sje\/wp-content\/uploads\/2022\/05\/logo-sje.png\",\"width\":2010,\"height\":1919,\"caption\":\"SJE - Sols - Jeux - Entretien, SARL\"},\"image\":{\"@id\":\"https:\/\/www.sje.pt\/sje\/#\/schema\/logo\/image\/\"}}]}<\/script>\n<!-- \/ Yoast SEO plugin. -->","yoast_head_json":{"title":"Parceiros - SJE - Sols - Jeux - Entretien, SARL","robots":{"index":"index","follow":"follow","max-snippet":"max-snippet:-1","max-image-preview":"max-image-preview:large","max-video-preview":"max-video-preview:-1"},"canonical":"https:\/\/www.sje.pt\/sje\/parceiros\/","og_locale":"pt_PT","og_type":"article","og_title":"Parceiros - SJE - Sols - Jeux - Entretien, SARL","og_description":"Organismos de controlo Fabricantes de Resinas e de Granulados EPDM Fabricantes de Granulado SBR Criador de Pavimentos Sint\u00e9ticos para parques infantis","og_url":"https:\/\/www.sje.pt\/sje\/parceiros\/","og_site_name":"SJE - Sols - Jeux - Entretien, SARL","article_modified_time":"2022-03-08T16:16:53+00:00","og_image":[{"width":2000,"height":738,"url":"https:\/\/www.sje.pt\/sje\/wp-content\/uploads\/2022\/03\/sje-5.jpg","type":"image\/jpeg"}],"twitter_card":"summary_large_image","schema":{"@context":"https:\/\/schema.org","@graph":[{"@type":"WebPage","@id":"https:\/\/www.sje.pt\/sje\/parceiros\/","url":"https:\/\/www.sje.pt\/sje\/parceiros\/","name":"Parceiros - SJE - Sols - Jeux - Entretien, SARL","isPartOf":{"@id":"https:\/\/www.sje.pt\/sje\/#website"},"datePublished":"2022-03-08T16:00:00+00:00","dateModified":"2022-03-08T16:16:53+00:00","breadcrumb":{"@id":"https:\/\/www.sje.pt\/sje\/parceiros\/#breadcrumb"},"inLanguage":"pt-PT","potentialAction":[{"@type":"ReadAction","target":["https:\/\/www.sje.pt\/sje\/parceiros\/"]}]},{"@type":"BreadcrumbList","@id":"https:\/\/www.sje.pt\/sje\/parceiros\/#breadcrumb","itemListElement":[{"@type":"ListItem","position":1,"name":"Parceiros"}]},{"@type":"WebSite","@id":"https:\/\/www.sje.pt\/sje\/#website","url":"https:\/\/www.sje.pt\/sje\/","name":"SJE - Sols - Jeux - Entretien, SARL","description":"A SJE \u00e9 especializada na realiza\u00e7\u00e3o de pavimento de seguran\u00e7a in-situ para parques infantis. Temos projetos em Portugal,","publisher":{"@id":"https:\/\/www.sje.pt\/sje\/#organization"},"potentialAction":[{"@type":"SearchAction","target":{"@type":"EntryPoint","urlTemplate":"https:\/\/www.sje.pt\/sje\/?s={search_term_string}"},"query-input":"required name=search_term_string"}],"inLanguage":"pt-PT"},{"@type":"Organization","@id":"https:\/\/www.sje.pt\/sje\/#organization","name":"SJE - Sols - Jeux - Entretien, SARL","url":"https:\/\/www.sje.pt\/sje\/","sameAs":[],"logo":{"@type":"ImageObject","inLanguage":"pt-PT","@id":"https:\/\/www.sje.pt\/sje\/#\/schema\/logo\/image\/","url":"https:\/\/www.sje.pt\/sje\/wp-content\/uploads\/2022\/05\/logo-sje.png","contentUrl":"https:\/\/www.sje.pt\/sje\/wp-content\/uploads\/2022\/05\/logo-sje.png","width":2010,"height":1919,"caption":"SJE - Sols - Jeux - Entretien, SARL"},"image":{"@id":"https:\/\/www.sje.pt\/sje\/#\/schema\/logo\/image\/"}}]}},"_links":{"self":[{"href":"https:\/\/www.sje.pt\/sje\/wp-json\/wp\/v2\/pages\/382","targetHints":{"allow":["GET"]}}],"collection":[{"href":"https:\/\/www.sje.pt\/sje\/wp-json\/wp\/v2\/pages"}],"about":[{"href":"https:\/\/www.sje.pt\/sje\/wp-json\/wp\/v2\/types\/page"}],"author":[{"embeddable":true,"href":"https:\/\/www.sje.pt\/sje\/wp-json\/wp\/v2\/users\/1"}],"replies":[{"embeddable":true,"href":"https:\/\/www.sje.pt\/sje\/wp-json\/wp\/v2\/comments?post=382"}],"version-history":[{"count":16,"href":"https:\/\/www.sje.pt\/sje\/wp-json\/wp\/v2\/pages\/382\/revisions"}],"predecessor-version":[{"id":413,"href":"https:\/\/www.sje.pt\/sje\/wp-json\/wp\/v2\/pages\/382\/revisions\/413"}],"wp:featuredmedia":[{"embeddable":true,"href":"https:\/\/www.sje.pt\/sje\/wp-json\/wp\/v2\/media\/303"}],"wp:attachment":[{"href":"https:\/\/www.sje.pt\/sje\/wp-json\/wp\/v2\/media?parent=382"}],"curies":[{"name":"wp","href":"https:\/\/api.w.org\/{rel}","templated":true}]}}