{"id":1019,"date":"2022-03-08T18:56:11","date_gmt":"2022-03-08T18:56:11","guid":{"rendered":"https:\/\/www.sje.pt\/sje\/?page_id=1019"},"modified":"2022-11-22T11:00:34","modified_gmt":"2022-11-22T11:00:34","slug":"politica-de-privacidade","status":"publish","type":"page","link":"https:\/\/www.sje.pt\/sje\/politica-de-privacidade\/","title":{"rendered":"Pol\u00edtica de Privacidade"},"content":{"rendered":"\t\t<div data-elementor-type=\"wp-page\" data-elementor-id=\"1019\" class=\"elementor elementor-1019\">\n\t\t\t\t\t\t\t\t\t<section class=\"elementor-section elementor-top-section elementor-element elementor-element-23ea2a16 elementor-section-boxed elementor-section-height-default elementor-section-height-default\" data-id=\"23ea2a16\" data-element_type=\"section\">\n\t\t\t\t\t\t<div class=\"elementor-container elementor-column-gap-default\">\n\t\t\t\t\t<div class=\"elementor-column elementor-col-100 elementor-top-column elementor-element elementor-element-e58a5c2\" data-id=\"e58a5c2\" data-element_type=\"column\">\n\t\t\t<div class=\"elementor-widget-wrap elementor-element-populated\">\n\t\t\t\t\t\t\t\t<div class=\"elementor-element elementor-element-11259e42 de_scroll_animation_no elementor-widget elementor-widget-text-editor\" data-id=\"11259e42\" data-element_type=\"widget\" data-widget_type=\"text-editor.default\">\n\t\t\t\t<div class=\"elementor-widget-container\">\n\t\t\t<style>\/*! elementor - v3.7.7 - 20-09-2022 *\/\n.elementor-widget-text-editor.elementor-drop-cap-view-stacked .elementor-drop-cap{background-color:#818a91;color:#fff}.elementor-widget-text-editor.elementor-drop-cap-view-framed .elementor-drop-cap{color:#818a91;border:3px solid;background-color:transparent}.elementor-widget-text-editor:not(.elementor-drop-cap-view-default) .elementor-drop-cap{margin-top:8px}.elementor-widget-text-editor:not(.elementor-drop-cap-view-default) .elementor-drop-cap-letter{width:1em;height:1em}.elementor-widget-text-editor .elementor-drop-cap{float:left;text-align:center;line-height:1;font-size:50px}.elementor-widget-text-editor .elementor-drop-cap-letter{display:inline-block}<\/style>\t\t\t\t<p><!-- wp:paragraph --><\/p>\n<p><strong>A SJE, SARL, doravante denominada por SJE <\/strong>cumpre com as obriga\u00e7\u00f5es que para si decorrem da Lei de Prote\u00e7\u00e3o de Dados e da Lei de tratamento de dados pessoais e de prote\u00e7\u00e3o da privacidade no sector das telecomunica\u00e7\u00f5es eletr\u00f3nicas. A nossa Pol\u00edtica de Privacidade e Cookies explica como iremos tratar qualquer informa\u00e7\u00e3o pessoal que nos fornecer quando usar este website e os servi\u00e7os que, por este meio, disponibilizamos.<\/p>\n<p>1 &#8211;&nbsp;<strong>Recolha e Registo de Dados<\/strong><\/p>\n<p>A SJE est\u00e1 empenhada em proteger a privacidade dos utilizadores do seu site e, como tal, recolhe apenas as informa\u00e7\u00f5es pessoais daqueles que as facultem voluntariamente, e assim tamb\u00e9m, apenas as utiliza para os fins para os quais foram fornecidas.<\/p>\n<p>Os dados pessoais recolhidos pela SJE s\u00e3o processados automaticamente e destinam-se \u00e0 gest\u00e3o da ficha do cliente, dos seus servi\u00e7os e dos seus pedidos de apoio e suporte. A recolha e tratamento de dados pessoais tem ainda como finalidade o seu uso para contactos por parte da SJE para efeitos de:<\/p>\n<ul>\n<li>Garantir o normal funcionamento do servi\u00e7o contratado, nomeadamente fornecendo dados para sua gest\u00e3o, e fatura\u00e7\u00e3o;<\/li>\n<li>Comunicar interven\u00e7\u00f5es programadas, reportar problemas e\/ou outras situa\u00e7\u00f5es de relev\u00e2ncia e\/ou impacto nos seus servi\u00e7os ou vias de suporte;<\/li>\n<li>Promover a comunica\u00e7\u00e3o exigida contratualmente, usando a via, para tal, estipulada (Condi\u00e7\u00f5es Gerais de presta\u00e7\u00e3o de servi\u00e7o);<\/li>\n<li>Envio de informa\u00e7\u00f5es de \u00e2mbito generalista e publicit\u00e1rio em rela\u00e7\u00e3o \u00e0 SJE e aos servi\u00e7os por ela prestados<\/li>\n<\/ul>\n<p>Os dados fornecidos est\u00e3o integrados numa base de dados, sendo o seu tratamento automatizado, organizado e mantido diretamente pela SJE de acordo com a Lei 67\/98 de 26 de Outubro. Os menores de 18 anos dever\u00e3o obter autoriza\u00e7\u00e3o dos pais ou tutores antes de acederem ou disponibilizarem dados pessoais no site.<\/p>\n<p><strong>&nbsp;<\/strong><strong><br>2 &#8211; Retifica\u00e7\u00e3o ou elimina\u00e7\u00e3o dos dados fornecidos<\/strong><\/p>\n<p>2.1 &#8211;&nbsp;<strong>Fornecimento de dados e retifica\u00e7\u00e3o<\/strong><\/p>\n<p>Nos termos da legisla\u00e7\u00e3o aplic\u00e1vel assiste ao utilizador o direito de acesso, retifica\u00e7\u00e3o dos seus dados, ora assim a SJE oferece ao cliente o acesso permanente aos seus dados, viabilizando, assim, a sua retifica\u00e7\u00e3o a todo tempo.<\/p>\n<p>2.2 &#8211;&nbsp;<strong>Livre fornecimento de dados e aceita\u00e7\u00e3o da presente politica de privacidade<\/strong><\/p>\n<p>Qualquer utilizador poder\u00e1 livremente optar por fornecer ou n\u00e3o os seus dados.<\/p>\n<p>O preenchimento da ficha de clientes, formul\u00e1rio de contacto, pedido de or\u00e7amentos e formul\u00e1rio de subscri\u00e7\u00e3o de newsletter \u00e9 tida como indica\u00e7\u00e3o volunt\u00e1ria de dados e \u00e9 entendida como declara\u00e7\u00e3o de aceita\u00e7\u00e3o por parte do cliente da presente pol\u00edtica de privacidade, bem como do tratamento e armazenagem desses dados, pela JUNTA DE FREGUESIA DE MERUGE, para os fins comerciais a que se destinam.<\/p>\n<p>Ora, assim, a SJE reserva-se no direito de armazenar e usar os dados fornecidos pelo cliente at\u00e9 declara\u00e7\u00e3o expressa deste a solicitar a sua elimina\u00e7\u00e3o.<\/p>\n<p>2.3 &#8211;&nbsp;<strong>Elimina\u00e7\u00e3o dos dados<\/strong><\/p>\n<p>Muito embora a SJE n\u00e3o se comprometa a armazenar os dados do cliente depois de excedidos os prazos para renova\u00e7\u00e3o dos seus servi\u00e7os e\/ou ap\u00f3s a rescis\u00e3o do contrato sem que haja uma informa\u00e7\u00e3o expressa acerca, a SJE n\u00e3o poder\u00e1 aferir com certeza se o cliente pretende ou n\u00e3o manter-se inscrito como cliente JUNTA DE FREGUESIA DE MERUGE.<\/p>\n<p>Se for do interesse do cliente n\u00e3o ser mais contactado pela SJE e que a SJE n\u00e3o guarde mais os seus dados, dever\u00e1 solicitar por forma expressa a elimina\u00e7\u00e3o dos seus dados das nossas bases de dados.<\/p>\n<p>Para as quest\u00f5es relacionadas com o tratamento dos seus dados pessoais poder\u00e1 contactar a SJE para os dados de contacto indicados no ponto 6, da presente Pol\u00edtica de Privacidade.<\/p>\n<p>3 &#8211;&nbsp;<strong>Seguran\u00e7a e utiliza\u00e7\u00e3o da sua informa\u00e7\u00e3o<\/strong><\/p>\n<p>A SJE compromete-se a n\u00e3o vender nem alugar ou transmitir ou sob qualquer outro t\u00edtulo, a terceiros quaisquer dados pessoais enviados pelos utilizadores do nosso site, sem preju\u00edzo de o fazer mediante autoriza\u00e7\u00e3o do utilizador ou quando seja legalmente obrigado. A SJE assegura que, tanto quanto \u00e9 exig\u00edvel e atend\u00edvel, foram adotadas e organizadas as medidas t\u00e9cnicas adequadas para proteger os dados pessoais contra a destrui\u00e7\u00e3o, altera\u00e7\u00e3o e\/ou difus\u00e3o acidental ou il\u00edcita, n\u00e3o autorizadas dos dados pessoais.<\/p>\n<p>Qualquer tentativa de viola\u00e7\u00e3o da base de dados do presente site ser\u00e1 objeto de a\u00e7\u00e3o penal e queixa-crime, conforme previsto na legisla\u00e7\u00e3o portuguesa referente a bases de dados e poder\u00e1 implicar responsabilidade civil e criminal.<\/p>\n<p>4 &#8211;&nbsp;<strong>Conserva\u00e7\u00e3o da informa\u00e7\u00e3o pessoal<\/strong><\/p>\n<p>Ap\u00f3s a recolha de informa\u00e7\u00e3o pessoal individualizada transmitida voluntariamente pelo utilizador, a SJE proceder\u00e1 \u00e0 sua conserva\u00e7\u00e3o e manuten\u00e7\u00e3o pelo per\u00edodo necess\u00e1rio \u00e0 finalidade do seu tratamento, at\u00e9 instru\u00e7\u00f5es em contr\u00e1rio, ou at\u00e9 que a lei exija a respetiva elimina\u00e7\u00e3o.<\/p>\n<p>A conserva\u00e7\u00e3o dessa informa\u00e7\u00e3o permite que a SJE continue a fornecer servi\u00e7os personalizados sem interrup\u00e7\u00e3o, salvo oposi\u00e7\u00e3o expressa do Utilizador.<\/p>\n<p>Apesar disto a SJE n\u00e3o \u00e9 obrigada a armazenar os dados do cliente depois de excedidos os prazos para renova\u00e7\u00e3o de todos os seus servi\u00e7os, sem que estes sejam pagos.<\/p>\n<p>5 &#8211;&nbsp;<strong>Entidade respons\u00e1vel<\/strong><\/p>\n<p>O propriet\u00e1rio do dom\u00ednio www.sje.pt e a entidade respons\u00e1vel pelo tratamento da Base de Dados \u00e9 a&nbsp;<strong>SJE, SARL<\/strong>, com sede na Zona Industrial do Lagedo, 3465-158 Santiago de Besteiros. pessoa coletiva n\u00ba 980185548<\/p>\n<p>, podendo qualquer interessado entrar em contacto com ela atrav\u00e9s dos seguintes contactos:<\/p>\n<ul>\n<li><u>Telefone<\/u>: +351 232 851 419 *&nbsp;<\/li>\n<li><u>Morada<\/u>: Zona Industrial do Lagedo, 3465-158 Santiago de Besteiros<\/li>\n<li><u>Email<\/u>: geral@sje.pt<\/li>\n<\/ul>\n<p><strong>A nossa pol\u00edtica de Cookies<\/strong><\/p>\n<p>Os cookies s\u00e3o pequenos fragmentos de texto enviados para o seu navegador pelos Websites que visita. Os cookies desempenham um papel importante; sem eles, utilizar a Web seria uma experi\u00eancia muito mais frustrante.<\/p>\n<p>Os cookies s\u00e3o ficheiros que s\u00e3o gravados no seu computador que t\u00eam como \u00fanico objetivo simplificar a sua navega\u00e7\u00e3o em sje.pt, facilitando a sua pr\u00f3xima visita e tornam o Website sje.pt mais \u00fatil para si (estes cookies n\u00e3o podem conter v\u00edrus nem ser executados, pois n\u00e3o s\u00e3o ficheiros ativos).<\/p>\n<p>Os cookies s\u00e3o gravados no \/ equipamento terminal e acedidos pelo nosso website apenas porque e quando o utilizador d\u00e1 o seu consentimento atrav\u00e9s de um comportamento ativo e mediante uma decis\u00e3o livre consubstanciada na aceita\u00e7\u00e3o da navega\u00e7\u00e3o no nosso website, com base em informa\u00e7\u00f5es claras e completas nos termos adiante explicitados, nomeadamente sobre o objetivo do processamento.<\/p>\n<p>Estes cookies apenas podem ser lidos pela sje.pt e por si.<\/p>\n<p>Os cookies que utilizamos e quais as fun\u00e7\u00f5es dos mesmos:<\/p>\n<p><strong><br>Cookies estritamente necess\u00e1rios<\/strong>&nbsp;\u2013 s\u00e3o cookies essenciais e que permitem ao nosso site responder a qualquer a\u00e7\u00e3o que executa no site, tal como completar um formul\u00e1rio de inqu\u00e9rito. O site n\u00e3o funciona corretamente se este cookie n\u00e3o for usado.<\/p>\n<p><strong><br>Cookies anal\u00edticos<\/strong>&nbsp;\u2013 s\u00e3o cookies que permitem a fun\u00e7\u00e3o do software de an\u00e1lise (analytics). Este software ajuda a analisar os nossos visitantes do site e fornecer informa\u00e7\u00f5es an\u00f3nimas, como navegadores utilizados, visitantes de retorno e de resposta \u00e0s atividades de marketing. Esta informa\u00e7\u00e3o ajuda-nos a melhorar o site e sua experi\u00eancia on-line.<\/p>\n<p><strong><br>Cookies de Funcionalidade<\/strong>&nbsp;\u2013 s\u00e3o cookies que guardam as prefer\u00eancias do utilizador relativamente \u00e0 utiliza\u00e7\u00e3o do site, de forma que n\u00e3o seja necess\u00e1rio voltar a configurar o site cada vez que o visita.<\/p>\n<p><strong><br>Cookies permanentes<\/strong>&nbsp;\u2013 s\u00e3o cookies que ficam armazenados nos dispositivos de acesso (computador, telem\u00f3vel, smartphone ou tablet), ao n\u00edvel do navegador de internet (browser), e s\u00e3o usados sempre que o utilizador visita novamente o site. Em geral, s\u00e3o usados para direcionar a navega\u00e7\u00e3o de acordo com os interesses do utilizador, permitindo prestar um servi\u00e7o mais personalizado;<\/p>\n<p><strong>Cookies de sess\u00e3o<\/strong>&nbsp;&#8211; s\u00e3o cookies tempor\u00e1rios, que s\u00e3o gerados e est\u00e3o dispon\u00edveis at\u00e9 encerrar a sess\u00e3o. Da pr\u00f3xima vez que o utilizador aceder ao seu navegador de internet (browser) os cookies j\u00e1 n\u00e3o estar\u00e3o armazenados. A informa\u00e7\u00e3o obtida permite gerir as sess\u00f5es, identificar problemas e fornecer uma melhor experi\u00eancia de navega\u00e7\u00e3o.<\/p>\n<p>\u00c9 permitido ao utilizador aceitar, recusar ou apagar cookies, nomeadamente atrav\u00e9s da sele\u00e7\u00e3o das defini\u00e7\u00f5es apropriadas no respetivo navegador (browser). Ao desativar cookies poder\u00e1 impedir que alguns dos nossos servi\u00e7os da web funcionem corretamente.<\/p>\n<p>Para obter mais informa\u00e7\u00f5es sobre cookies, incluindo para saber que cookies foram instalados e como podem ser geridos e eliminados, visite&nbsp;<a href=\"http:\/\/www.allaboutcookies.org\/\">www.allaboutcookies.org<\/a>. Se n\u00e3o quiser que as suas visitas a s\u00edtios Web sejam detectadas pelo Google Analytics, v\u00e1 a&nbsp;<a href=\"http:\/\/tools.google.com\/dlpage\/gaoptout\">http:\/\/tools.google.com\/dlpage\/gaoptout<\/a><\/p>\n<p><strong><br>Aceita\u00e7\u00e3o destes termos<\/strong><\/p>\n<p>Ao utilizar este site, o utilizador concorda com a recolha e uso das suas informa\u00e7\u00f5es tal como estabelecido nesta Pol\u00edtica de Cookies.<\/p>\n<p><\/p>\n<p><!-- \/wp:paragraph --><\/p>\t\t\t\t\t\t<\/div>\n\t\t\t\t<\/div>\n\t\t\t\t\t<\/div>\n\t\t<\/div>\n\t\t\t\t\t\t\t<\/div>\n\t\t<\/section>\n\t\t\t\t\t\t\t<\/div>\n\t\t","protected":false},"excerpt":{"rendered":"<p>A SJE, SARL, doravante denominada por SJE cumpre com as obriga\u00e7\u00f5es que para si decorrem da Lei de Prote\u00e7\u00e3o de Dados e da Lei de tratamento de dados pessoais e de prote\u00e7\u00e3o da privacidade no sector das telecomunica\u00e7\u00f5es eletr\u00f3nicas. A nossa Pol\u00edtica de Privacidade e Cookies explica como iremos tratar qualquer informa\u00e7\u00e3o pessoal que nos [&hellip;]<\/p>\n","protected":false},"author":1,"featured_media":723,"parent":0,"menu_order":0,"comment_status":"closed","ping_status":"closed","template":"","meta":{"footnotes":""},"class_list":["post-1019","page","type-page","status-publish","has-post-thumbnail","hentry"],"yoast_head":"<!-- This site is optimized with the Yoast SEO plugin v19.7.1 - https:\/\/yoast.com\/wordpress\/plugins\/seo\/ -->\n<title>Pol\u00edtica de Privacidade - SJE - Sols - Jeux - Entretien, SARL<\/title>\n<meta name=\"robots\" content=\"index, follow, max-snippet:-1, max-image-preview:large, max-video-preview:-1\" \/>\n<link rel=\"canonical\" href=\"https:\/\/www.sje.pt\/sje\/politica-de-privacidade\/\" \/>\n<meta property=\"og:locale\" content=\"pt_PT\" \/>\n<meta property=\"og:type\" content=\"article\" \/>\n<meta property=\"og:title\" content=\"Pol\u00edtica de Privacidade - SJE - Sols - Jeux - Entretien, SARL\" \/>\n<meta property=\"og:description\" content=\"A SJE, SARL, doravante denominada por SJE cumpre com as obriga\u00e7\u00f5es que para si decorrem da Lei de Prote\u00e7\u00e3o de Dados e da Lei de tratamento de dados pessoais e de prote\u00e7\u00e3o da privacidade no sector das telecomunica\u00e7\u00f5es eletr\u00f3nicas. A nossa Pol\u00edtica de Privacidade e Cookies explica como iremos tratar qualquer informa\u00e7\u00e3o pessoal que nos [&hellip;]\" \/>\n<meta property=\"og:url\" content=\"https:\/\/www.sje.pt\/sje\/politica-de-privacidade\/\" \/>\n<meta property=\"og:site_name\" content=\"SJE - Sols - Jeux - Entretien, SARL\" \/>\n<meta property=\"article:modified_time\" content=\"2022-11-22T11:00:34+00:00\" \/>\n<meta property=\"og:image\" content=\"https:\/\/www.sje.pt\/sje\/wp-content\/uploads\/2022\/03\/IMG_2204-2.jpg\" \/>\n\t<meta property=\"og:image:width\" content=\"1024\" \/>\n\t<meta property=\"og:image:height\" content=\"768\" \/>\n\t<meta property=\"og:image:type\" content=\"image\/jpeg\" \/>\n<meta name=\"twitter:card\" content=\"summary_large_image\" \/>\n<meta name=\"twitter:label1\" content=\"Tempo estimado de leitura\" \/>\n\t<meta name=\"twitter:data1\" content=\"8 minutos\" \/>\n<script type=\"application\/ld+json\" class=\"yoast-schema-graph\">{\"@context\":\"https:\/\/schema.org\",\"@graph\":[{\"@type\":\"WebPage\",\"@id\":\"https:\/\/www.sje.pt\/sje\/politica-de-privacidade\/\",\"url\":\"https:\/\/www.sje.pt\/sje\/politica-de-privacidade\/\",\"name\":\"Pol\u00edtica de Privacidade - SJE - Sols - Jeux - Entretien, SARL\",\"isPartOf\":{\"@id\":\"https:\/\/www.sje.pt\/sje\/#website\"},\"datePublished\":\"2022-03-08T18:56:11+00:00\",\"dateModified\":\"2022-11-22T11:00:34+00:00\",\"breadcrumb\":{\"@id\":\"https:\/\/www.sje.pt\/sje\/politica-de-privacidade\/#breadcrumb\"},\"inLanguage\":\"pt-PT\",\"potentialAction\":[{\"@type\":\"ReadAction\",\"target\":[\"https:\/\/www.sje.pt\/sje\/politica-de-privacidade\/\"]}]},{\"@type\":\"BreadcrumbList\",\"@id\":\"https:\/\/www.sje.pt\/sje\/politica-de-privacidade\/#breadcrumb\",\"itemListElement\":[{\"@type\":\"ListItem\",\"position\":1,\"name\":\"Pol\u00edtica de Privacidade\"}]},{\"@type\":\"WebSite\",\"@id\":\"https:\/\/www.sje.pt\/sje\/#website\",\"url\":\"https:\/\/www.sje.pt\/sje\/\",\"name\":\"SJE - Sols - Jeux - Entretien, SARL\",\"description\":\"A SJE \u00e9 especializada na realiza\u00e7\u00e3o de pavimento de seguran\u00e7a in-situ para parques infantis. Temos projetos em Portugal,\",\"publisher\":{\"@id\":\"https:\/\/www.sje.pt\/sje\/#organization\"},\"potentialAction\":[{\"@type\":\"SearchAction\",\"target\":{\"@type\":\"EntryPoint\",\"urlTemplate\":\"https:\/\/www.sje.pt\/sje\/?s={search_term_string}\"},\"query-input\":\"required name=search_term_string\"}],\"inLanguage\":\"pt-PT\"},{\"@type\":\"Organization\",\"@id\":\"https:\/\/www.sje.pt\/sje\/#organization\",\"name\":\"SJE - Sols - Jeux - Entretien, SARL\",\"url\":\"https:\/\/www.sje.pt\/sje\/\",\"sameAs\":[],\"logo\":{\"@type\":\"ImageObject\",\"inLanguage\":\"pt-PT\",\"@id\":\"https:\/\/www.sje.pt\/sje\/#\/schema\/logo\/image\/\",\"url\":\"https:\/\/www.sje.pt\/sje\/wp-content\/uploads\/2022\/05\/logo-sje.png\",\"contentUrl\":\"https:\/\/www.sje.pt\/sje\/wp-content\/uploads\/2022\/05\/logo-sje.png\",\"width\":2010,\"height\":1919,\"caption\":\"SJE - Sols - Jeux - Entretien, SARL\"},\"image\":{\"@id\":\"https:\/\/www.sje.pt\/sje\/#\/schema\/logo\/image\/\"}}]}<\/script>\n<!-- \/ Yoast SEO plugin. -->","yoast_head_json":{"title":"Pol\u00edtica de Privacidade - SJE - Sols - Jeux - Entretien, SARL","robots":{"index":"index","follow":"follow","max-snippet":"max-snippet:-1","max-image-preview":"max-image-preview:large","max-video-preview":"max-video-preview:-1"},"canonical":"https:\/\/www.sje.pt\/sje\/politica-de-privacidade\/","og_locale":"pt_PT","og_type":"article","og_title":"Pol\u00edtica de Privacidade - SJE - Sols - Jeux - Entretien, SARL","og_description":"A SJE, SARL, doravante denominada por SJE cumpre com as obriga\u00e7\u00f5es que para si decorrem da Lei de Prote\u00e7\u00e3o de Dados e da Lei de tratamento de dados pessoais e de prote\u00e7\u00e3o da privacidade no sector das telecomunica\u00e7\u00f5es eletr\u00f3nicas. A nossa Pol\u00edtica de Privacidade e Cookies explica como iremos tratar qualquer informa\u00e7\u00e3o pessoal que nos [&hellip;]","og_url":"https:\/\/www.sje.pt\/sje\/politica-de-privacidade\/","og_site_name":"SJE - Sols - Jeux - Entretien, SARL","article_modified_time":"2022-11-22T11:00:34+00:00","og_image":[{"width":1024,"height":768,"url":"https:\/\/www.sje.pt\/sje\/wp-content\/uploads\/2022\/03\/IMG_2204-2.jpg","type":"image\/jpeg"}],"twitter_card":"summary_large_image","twitter_misc":{"Tempo estimado de leitura":"8 minutos"},"schema":{"@context":"https:\/\/schema.org","@graph":[{"@type":"WebPage","@id":"https:\/\/www.sje.pt\/sje\/politica-de-privacidade\/","url":"https:\/\/www.sje.pt\/sje\/politica-de-privacidade\/","name":"Pol\u00edtica de Privacidade - SJE - Sols - Jeux - Entretien, SARL","isPartOf":{"@id":"https:\/\/www.sje.pt\/sje\/#website"},"datePublished":"2022-03-08T18:56:11+00:00","dateModified":"2022-11-22T11:00:34+00:00","breadcrumb":{"@id":"https:\/\/www.sje.pt\/sje\/politica-de-privacidade\/#breadcrumb"},"inLanguage":"pt-PT","potentialAction":[{"@type":"ReadAction","target":["https:\/\/www.sje.pt\/sje\/politica-de-privacidade\/"]}]},{"@type":"BreadcrumbList","@id":"https:\/\/www.sje.pt\/sje\/politica-de-privacidade\/#breadcrumb","itemListElement":[{"@type":"ListItem","position":1,"name":"Pol\u00edtica de Privacidade"}]},{"@type":"WebSite","@id":"https:\/\/www.sje.pt\/sje\/#website","url":"https:\/\/www.sje.pt\/sje\/","name":"SJE - Sols - Jeux - Entretien, SARL","description":"A SJE \u00e9 especializada na realiza\u00e7\u00e3o de pavimento de seguran\u00e7a in-situ para parques infantis. Temos projetos em Portugal,","publisher":{"@id":"https:\/\/www.sje.pt\/sje\/#organization"},"potentialAction":[{"@type":"SearchAction","target":{"@type":"EntryPoint","urlTemplate":"https:\/\/www.sje.pt\/sje\/?s={search_term_string}"},"query-input":"required name=search_term_string"}],"inLanguage":"pt-PT"},{"@type":"Organization","@id":"https:\/\/www.sje.pt\/sje\/#organization","name":"SJE - Sols - Jeux - Entretien, SARL","url":"https:\/\/www.sje.pt\/sje\/","sameAs":[],"logo":{"@type":"ImageObject","inLanguage":"pt-PT","@id":"https:\/\/www.sje.pt\/sje\/#\/schema\/logo\/image\/","url":"https:\/\/www.sje.pt\/sje\/wp-content\/uploads\/2022\/05\/logo-sje.png","contentUrl":"https:\/\/www.sje.pt\/sje\/wp-content\/uploads\/2022\/05\/logo-sje.png","width":2010,"height":1919,"caption":"SJE - Sols - Jeux - Entretien, SARL"},"image":{"@id":"https:\/\/www.sje.pt\/sje\/#\/schema\/logo\/image\/"}}]}},"_links":{"self":[{"href":"https:\/\/www.sje.pt\/sje\/wp-json\/wp\/v2\/pages\/1019","targetHints":{"allow":["GET"]}}],"collection":[{"href":"https:\/\/www.sje.pt\/sje\/wp-json\/wp\/v2\/pages"}],"about":[{"href":"https:\/\/www.sje.pt\/sje\/wp-json\/wp\/v2\/types\/page"}],"author":[{"embeddable":true,"href":"https:\/\/www.sje.pt\/sje\/wp-json\/wp\/v2\/users\/1"}],"replies":[{"embeddable":true,"href":"https:\/\/www.sje.pt\/sje\/wp-json\/wp\/v2\/comments?post=1019"}],"version-history":[{"count":7,"href":"https:\/\/www.sje.pt\/sje\/wp-json\/wp\/v2\/pages\/1019\/revisions"}],"predecessor-version":[{"id":2380,"href":"https:\/\/www.sje.pt\/sje\/wp-json\/wp\/v2\/pages\/1019\/revisions\/2380"}],"wp:featuredmedia":[{"embeddable":true,"href":"https:\/\/www.sje.pt\/sje\/wp-json\/wp\/v2\/media\/723"}],"wp:attachment":[{"href":"https:\/\/www.sje.pt\/sje\/wp-json\/wp\/v2\/media?parent=1019"}],"curies":[{"name":"wp","href":"https:\/\/api.w.org\/{rel}","templated":true}]}}